{"id":140,"date":"2017-11-07T20:08:23","date_gmt":"2017-11-07T19:08:23","guid":{"rendered":"http:\/\/hfs.schulen-offenbach.de\/cms\/?page_id=140"},"modified":"2025-06-19T16:22:55","modified_gmt":"2025-06-19T14:22:55","slug":"die-schule","status":"publish","type":"page","link":"https:\/\/hfs.schulen-offenbach.de\/cms\/die-schule\/","title":{"rendered":"Die Schule"},"content":{"rendered":"<p>Die Hafenschule wurde zum Schuljahr 2015\/16 gegr\u00fcndet und bezog ihren jetzigen Standort in der Hafenallee im Sommer 2017.<\/p>\n<p>Die Architektur unseres neuen Schulgeb\u00e4udes spiegelt die verschiedenen Facetten unserer Arbeit wider:<\/p>\n<ul>\n<li><strong style=\"font-size: 20pt;\">H<\/strong>ilfsbereitschaft und Gemeinschaft<\/li>\n<li><strong style=\"font-size: 20pt;\">F<\/strong>reundschaft und Individualit\u00e4t<\/li>\n<li><strong style=\"font-size: 20pt;\">S<\/strong>icherheit und Transparenz<\/li>\n<\/ul>\n<p>Die Gesundheit unserer Sch\u00fclerschaft liegt uns am Herzen, daher achten wir im Laufe des gesamten Schulvormittags auf eine zuckerfreie Ern\u00e4hrung.<\/p>\n<p>Berufst\u00e4tige Eltern haben auch an unserer Schule die M\u00f6glichkeit ihr Kind p\u00e4dagogisch wertvoll versorgt zu wissen. Hierzu haben wir zwei Angebote:<\/p>\n<ul>\n<li>Die Ganztagsklassen im Rahmen des <a href=\"http:\/\/hfs.schulen-offenbach.de\/cms\/schulkonzept\/ganztagsklassen\/\" target=\"_blank\" rel=\"noopener\">EKO<\/a>s<\/li>\n<li>Beschulung bis 14.30 Uhr im Rahmen des <a href=\"http:\/\/hfs.schulen-offenbach.de\/cms\/schulkonzept\/profil-1\/\" target=\"_blank\" rel=\"noopener\">Profil 1<\/a><\/li>\n<\/ul>\n","protected":false},"excerpt":{"rendered":"<p>Die Hafenschule wurde zum Schuljahr 2015\/16 gegr\u00fcndet und bezog ihren jetzigen Standort in der Hafenallee im Sommer 2017. Die Architektur unseres neuen Schulgeb\u00e4udes spiegelt die verschiedenen Facetten unserer Arbeit wider: Hilfsbereitschaft und Gemeinschaft Freundschaft und Individualit\u00e4t Sicherheit und Transparenz Die Gesundheit unserer Sch\u00fclerschaft liegt uns am Herzen, daher achten wir im Laufe des gesamten Schulvormittags auf eine zuckerfreie Ern\u00e4hrung. Berufst\u00e4tige Eltern haben auch an unserer Schule die M\u00f6glichkeit ihr Kind p\u00e4dagogisch wertvoll versorgt zu wissen. Hierzu haben wir zwei Angebote: Die Ganztagsklassen im Rahmen des EKOs Beschulung bis 14.30 Uhr im Rahmen des Profil 1<\/p>\n","protected":false},"author":3,"featured_media":0,"parent":0,"menu_order":0,"comment_status":"closed","ping_status":"closed","template":"","meta":{"_uag_custom_page_level_css":"","ngg_post_thumbnail":0,"footnotes":""},"class_list":["post-140","page","type-page","status-publish","hentry"],"uagb_featured_image_src":{"full":false,"thumbnail":false,"medium":false,"medium_large":false,"large":false,"1536x1536":false,"2048x2048":false,"ashe-slider-full-thumbnail":false,"ashe-full-thumbnail":false,"ashe-list-thumbnail":false,"ashe-grid-thumbnail":false,"ashe-single-navigation":false},"uagb_author_info":{"display_name":"Hafenschule Offenbach","author_link":"https:\/\/hfs.schulen-offenbach.de\/cms\/author\/hfsof\/"},"uagb_comment_info":0,"uagb_excerpt":"Die Hafenschule wurde zum Schuljahr 2015\/16 gegr\u00fcndet und bezog ihren jetzigen Standort in der Hafenallee im Sommer 2017. Die Architektur unseres neuen Schulgeb\u00e4udes spiegelt die verschiedenen Facetten unserer Arbeit wider: Hilfsbereitschaft und Gemeinschaft Freundschaft und Individualit\u00e4t Sicherheit und Transparenz Die Gesundheit unserer Sch\u00fclerschaft liegt uns am Herzen, daher achten wir im Laufe des gesamten Schulvormittags&hellip;","_links":{"self":[{"href":"https:\/\/hfs.schulen-offenbach.de\/cms\/wp-json\/wp\/v2\/pages\/140","targetHints":{"allow":["GET"]}}],"collection":[{"href":"https:\/\/hfs.schulen-offenbach.de\/cms\/wp-json\/wp\/v2\/pages"}],"about":[{"href":"https:\/\/hfs.schulen-offenbach.de\/cms\/wp-json\/wp\/v2\/types\/page"}],"author":[{"embeddable":true,"href":"https:\/\/hfs.schulen-offenbach.de\/cms\/wp-json\/wp\/v2\/users\/3"}],"replies":[{"embeddable":true,"href":"https:\/\/hfs.schulen-offenbach.de\/cms\/wp-json\/wp\/v2\/comments?post=140"}],"version-history":[{"count":23,"href":"https:\/\/hfs.schulen-offenbach.de\/cms\/wp-json\/wp\/v2\/pages\/140\/revisions"}],"predecessor-version":[{"id":3272,"href":"https:\/\/hfs.schulen-offenbach.de\/cms\/wp-json\/wp\/v2\/pages\/140\/revisions\/3272"}],"wp:attachment":[{"href":"https:\/\/hfs.schulen-offenbach.de\/cms\/wp-json\/wp\/v2\/media?parent=140"}],"curies":[{"name":"wp","href":"https:\/\/api.w.org\/{rel}","templated":true}]}}