{"id":1405,"date":"2019-12-05T16:06:57","date_gmt":"2019-12-05T15:06:57","guid":{"rendered":"https:\/\/hfs.schulen-offenbach.de\/cms\/?page_id=1405"},"modified":"2024-03-20T08:01:57","modified_gmt":"2024-03-20T07:01:57","slug":"profil-1","status":"publish","type":"page","link":"https:\/\/hfs.schulen-offenbach.de\/cms\/profil-1\/","title":{"rendered":"Mittagsbetreuung (Profil 1)"},"content":{"rendered":"<p style=\"text-align: left;\">Die Betreuung der Hafenschule wurde eingerichtet f\u00fcr die Kinder der \u201eRegelklassen\u201c deren Eltern beide berufst\u00e4tig sind. Sie bietet den Kindern in der Zeit von 12.50 Uhr bis 14.30 Uhr die M\u00f6glichkeit den Schulvormittag in der Schule ausklingen zu lassen.<\/p>\r\n<p style=\"text-align: left;\">Die Betreuungszeit beginnt mit einem gemeinsamen Mittagessen in der Aula der Schule. Anschlie\u00dfend haben die Kinder Zeit, sich frei zwischen den Themenr\u00e4umen zu bewegen oder sich an ausgew\u00e4hlten Tagen in ihren AG&#8217;s Neues auszuprobieren.&nbsp;<\/p>\r\n<p style=\"text-align: left;\">Betreut werden die Kinder aus unterschiedlichen Jahrg\u00e4ngen und so trifft sich f\u00fcnfmal in der Woche eine sehr gemischte Gruppe. Im Laufe der Monate haben sich die Kinder gut miteinander bekannt gemacht und verstehen sich als die Mittagsbetreuungskinder.<\/p>\r\n<p style=\"text-align: left;\">Entstanden sind neue Freundschaften auch \u00fcber Klassen- und Jahrgangsgrenzen hinweg. Neu hinzukommende Kinder finden schnell Anschluss und werden gut von der Gruppe angenommen und integriert.<\/p>\r\n<p style=\"text-align: left;\">An jedem Wochentag werden die Kinder von p\u00e4dagogischen Fachkr\u00e4ften und Lehrkr\u00e4ften betreut. Die wechselnden Betreuungspersonen bedeuten f\u00fcr die Kinder einerseits eine Herausforderung, schult auf der anderen Seite jedoch die Flexibilit\u00e4t der Kinder.<\/p>\r\n\r\n<figure class=\"wp-block-image size-large\"><img loading=\"lazy\" decoding=\"async\" class=\"wp-image-1983 alignnone\" src=\"https:\/\/hfs.schulen-offenbach.de\/cms\/wp-content\/uploads\/2020\/09\/Bastelgruppe-1024x480.jpg\" alt=\"\" width=\"765\" height=\"358\" srcset=\"https:\/\/hfs.schulen-offenbach.de\/cms\/wp-content\/uploads\/2020\/09\/Bastelgruppe-1024x480.jpg 1024w, https:\/\/hfs.schulen-offenbach.de\/cms\/wp-content\/uploads\/2020\/09\/Bastelgruppe-300x141.jpg 300w, https:\/\/hfs.schulen-offenbach.de\/cms\/wp-content\/uploads\/2020\/09\/Bastelgruppe-768x360.jpg 768w, https:\/\/hfs.schulen-offenbach.de\/cms\/wp-content\/uploads\/2020\/09\/Bastelgruppe-1536x720.jpg 1536w, https:\/\/hfs.schulen-offenbach.de\/cms\/wp-content\/uploads\/2020\/09\/Bastelgruppe.jpg 1600w\" sizes=\"auto, (max-width: 765px) 100vw, 765px\" \/>\r\n<figcaption>2021\/22: In der Kunst- und Bastel- AG werden Traumf\u00e4nger f\u00fcr ruhige N\u00e4chte gebastelt.<\/figcaption>\r\n<\/figure>\r\n\r\n\r\n\r\n<figure class=\"wp-block-image size-large\"><img loading=\"lazy\" decoding=\"async\" class=\"wp-image-2036\" src=\"https:\/\/hfs.schulen-offenbach.de\/cms\/wp-content\/uploads\/2020\/09\/7c8da311-99a1-4bdb-b42e-f21170bfcc7b-1024x576.jpg\" alt=\"\" width=\"763\" height=\"429\" srcset=\"https:\/\/hfs.schulen-offenbach.de\/cms\/wp-content\/uploads\/2020\/09\/7c8da311-99a1-4bdb-b42e-f21170bfcc7b-1024x576.jpg 1024w, https:\/\/hfs.schulen-offenbach.de\/cms\/wp-content\/uploads\/2020\/09\/7c8da311-99a1-4bdb-b42e-f21170bfcc7b-300x169.jpg 300w, https:\/\/hfs.schulen-offenbach.de\/cms\/wp-content\/uploads\/2020\/09\/7c8da311-99a1-4bdb-b42e-f21170bfcc7b-768x432.jpg 768w, https:\/\/hfs.schulen-offenbach.de\/cms\/wp-content\/uploads\/2020\/09\/7c8da311-99a1-4bdb-b42e-f21170bfcc7b-1536x864.jpg 1536w, https:\/\/hfs.schulen-offenbach.de\/cms\/wp-content\/uploads\/2020\/09\/7c8da311-99a1-4bdb-b42e-f21170bfcc7b.jpg 1600w\" sizes=\"auto, (max-width: 763px) 100vw, 763px\" \/>\r\n<figcaption>Die AG &#8222;Freies Spiel&#8220; l\u00e4sst die Kinder Spa\u00df haben.<\/figcaption>\r\n<\/figure>\r\n\r\n\r\n\r\n<figure class=\"wp-block-image size-large\"><img loading=\"lazy\" decoding=\"async\" class=\"wp-image-2035\" src=\"https:\/\/hfs.schulen-offenbach.de\/cms\/wp-content\/uploads\/2020\/09\/a0b935d3-c849-4203-b308-d9147471859b-1024x576.jpg\" alt=\"\" width=\"759\" height=\"427\" srcset=\"https:\/\/hfs.schulen-offenbach.de\/cms\/wp-content\/uploads\/2020\/09\/a0b935d3-c849-4203-b308-d9147471859b-1024x576.jpg 1024w, https:\/\/hfs.schulen-offenbach.de\/cms\/wp-content\/uploads\/2020\/09\/a0b935d3-c849-4203-b308-d9147471859b-300x169.jpg 300w, https:\/\/hfs.schulen-offenbach.de\/cms\/wp-content\/uploads\/2020\/09\/a0b935d3-c849-4203-b308-d9147471859b-768x432.jpg 768w, https:\/\/hfs.schulen-offenbach.de\/cms\/wp-content\/uploads\/2020\/09\/a0b935d3-c849-4203-b308-d9147471859b-1536x864.jpg 1536w, https:\/\/hfs.schulen-offenbach.de\/cms\/wp-content\/uploads\/2020\/09\/a0b935d3-c849-4203-b308-d9147471859b.jpg 1600w\" sizes=\"auto, (max-width: 759px) 100vw, 759px\" \/>\r\n<figcaption>&#8230;und hier spielen sie immer noch.<\/figcaption>\r\n<\/figure>\r\n\r\n\r\n\r\n<figure class=\"wp-block-image size-large\"><img loading=\"lazy\" decoding=\"async\" class=\"wp-image-2062\" src=\"https:\/\/hfs.schulen-offenbach.de\/cms\/wp-content\/uploads\/2020\/09\/IMG_20200922_142343-1024x768.jpg\" alt=\"\" width=\"759\" height=\"569\" srcset=\"https:\/\/hfs.schulen-offenbach.de\/cms\/wp-content\/uploads\/2020\/09\/IMG_20200922_142343-1024x768.jpg 1024w, https:\/\/hfs.schulen-offenbach.de\/cms\/wp-content\/uploads\/2020\/09\/IMG_20200922_142343-300x225.jpg 300w, https:\/\/hfs.schulen-offenbach.de\/cms\/wp-content\/uploads\/2020\/09\/IMG_20200922_142343-768x576.jpg 768w, https:\/\/hfs.schulen-offenbach.de\/cms\/wp-content\/uploads\/2020\/09\/IMG_20200922_142343-1536x1152.jpg 1536w, https:\/\/hfs.schulen-offenbach.de\/cms\/wp-content\/uploads\/2020\/09\/IMG_20200922_142343-2048x1536.jpg 2048w\" sizes=\"auto, (max-width: 759px) 100vw, 759px\" \/>\r\n<figcaption>Auch unsere zweite Bastelgruppe ist kreativ und bastelt passend zur Jahreszeit.<\/figcaption>\r\n<\/figure>\r\n","protected":false},"excerpt":{"rendered":"<p>Die Betreuung der Hafenschule wurde eingerichtet f\u00fcr die Kinder der \u201eRegelklassen\u201c deren Eltern beide berufst\u00e4tig sind. Sie bietet den Kindern in der Zeit von 12.50 Uhr bis 14.30 Uhr die M\u00f6glichkeit den Schulvormittag in der Schule ausklingen zu lassen. Die Betreuungszeit beginnt mit einem gemeinsamen Mittagessen in der Aula der Schule. Anschlie\u00dfend haben die Kinder Zeit, sich frei zwischen den Themenr\u00e4umen zu bewegen oder sich an ausgew\u00e4hlten Tagen in ihren AG&#8217;s Neues auszuprobieren.&nbsp; Betreut werden die Kinder aus unterschiedlichen Jahrg\u00e4ngen und so trifft sich f\u00fcnfmal in der Woche eine sehr gemischte Gruppe. Im Laufe der Monate haben sich die Kinder gut miteinander bekannt gemacht und verstehen sich als die Mittagsbetreuungskinder. Entstanden sind neue Freundschaften auch \u00fcber Klassen- und Jahrgangsgrenzen hinweg. Neu hinzukommende Kinder finden schnell Anschluss und werden gut von der Gruppe angenommen und integriert. An jedem Wochentag werden die Kinder von p\u00e4dagogischen Fachkr\u00e4ften und Lehrkr\u00e4ften betreut. Die wechselnden Betreuungspersonen bedeuten f\u00fcr die Kinder einerseits eine Herausforderung, schult auf der anderen Seite jedoch die Flexibilit\u00e4t der Kinder.<\/p>\n","protected":false},"author":3,"featured_media":0,"parent":0,"menu_order":0,"comment_status":"closed","ping_status":"closed","template":"","meta":{"_uag_custom_page_level_css":"","ngg_post_thumbnail":0,"footnotes":""},"class_list":["post-1405","page","type-page","status-publish","hentry"],"uagb_featured_image_src":{"full":false,"thumbnail":false,"medium":false,"medium_large":false,"large":false,"1536x1536":false,"2048x2048":false,"ashe-slider-full-thumbnail":false,"ashe-full-thumbnail":false,"ashe-list-thumbnail":false,"ashe-grid-thumbnail":false,"ashe-single-navigation":false},"uagb_author_info":{"display_name":"Hafenschule Offenbach","author_link":"https:\/\/hfs.schulen-offenbach.de\/cms\/author\/hfsof\/"},"uagb_comment_info":0,"uagb_excerpt":"Die Betreuung der Hafenschule wurde eingerichtet f\u00fcr die Kinder der \u201eRegelklassen\u201c deren Eltern beide berufst\u00e4tig sind. Sie bietet den Kindern in der Zeit von 12.50 Uhr bis 14.30 Uhr die M\u00f6glichkeit den Schulvormittag in der Schule ausklingen zu lassen. Die Betreuungszeit beginnt mit einem gemeinsamen Mittagessen in der Aula der Schule. Anschlie\u00dfend haben die Kinder&hellip;","_links":{"self":[{"href":"https:\/\/hfs.schulen-offenbach.de\/cms\/wp-json\/wp\/v2\/pages\/1405","targetHints":{"allow":["GET"]}}],"collection":[{"href":"https:\/\/hfs.schulen-offenbach.de\/cms\/wp-json\/wp\/v2\/pages"}],"about":[{"href":"https:\/\/hfs.schulen-offenbach.de\/cms\/wp-json\/wp\/v2\/types\/page"}],"author":[{"embeddable":true,"href":"https:\/\/hfs.schulen-offenbach.de\/cms\/wp-json\/wp\/v2\/users\/3"}],"replies":[{"embeddable":true,"href":"https:\/\/hfs.schulen-offenbach.de\/cms\/wp-json\/wp\/v2\/comments?post=1405"}],"version-history":[{"count":22,"href":"https:\/\/hfs.schulen-offenbach.de\/cms\/wp-json\/wp\/v2\/pages\/1405\/revisions"}],"predecessor-version":[{"id":3077,"href":"https:\/\/hfs.schulen-offenbach.de\/cms\/wp-json\/wp\/v2\/pages\/1405\/revisions\/3077"}],"wp:attachment":[{"href":"https:\/\/hfs.schulen-offenbach.de\/cms\/wp-json\/wp\/v2\/media?parent=1405"}],"curies":[{"name":"wp","href":"https:\/\/api.w.org\/{rel}","templated":true}]}}