{"id":148,"date":"2017-11-07T20:13:42","date_gmt":"2017-11-07T19:13:42","guid":{"rendered":"http:\/\/hfs.schulen-offenbach.de\/cms\/?page_id=148"},"modified":"2026-04-15T13:46:57","modified_gmt":"2026-04-15T11:46:57","slug":"mitarbeiter","status":"publish","type":"page","link":"https:\/\/hfs.schulen-offenbach.de\/cms\/die-schule\/mitarbeiter\/","title":{"rendered":"Mitarbeiter"},"content":{"rendered":"<h2><strong><span style=\"font-size: 16px;\">Sekret\u00e4rin<\/span><\/strong><\/h2>\n<p>Frau Heinelt ist unsere Sekret\u00e4rin an der Schule.<\/p>\n<p>Unter der Woche ist sie montags, dienstags, mittwochs und freitags in der Zeit von 8.15 Uhr bis 13.00 Uhr und donnerstags von 8.15 Uhr bis 10.00 Uhr&nbsp;unter der Telefonnummer 069-8065 4101 zu erreichen. Sie finden das Sekretariat im 1. OG des Verwaltungsgeb\u00e4udes.<\/p>\n<p><a href=\"mailto:verwaltung.hfs@schulen.offenbach.de\">Email:<\/a> verwaltung.hfs@schulen.offenbach.de<\/p>\n<p>&nbsp;<\/p>\n<h2><strong><span style=\"font-size: 16px;\">Hausmeister<\/span><\/strong><\/h2>\n<p>Herr Eisenbach ist unsere tatkr\u00e4ftige Unterst\u00fctzung in Bezug auf alle Belange unseres Schulgeb\u00e4udes. Sie finden sein B\u00fcro im 1. OG des Verwaltungsgeb\u00e4udes.<\/p>\n","protected":false},"excerpt":{"rendered":"<p>Sekret\u00e4rin Frau Heinelt ist unsere Sekret\u00e4rin an der Schule. Unter der Woche ist sie montags, dienstags, mittwochs und freitags in der Zeit von 8.15 Uhr bis 13.00 Uhr und donnerstags von 8.15 Uhr bis 10.00 Uhr&nbsp;unter der Telefonnummer 069-8065 4101 zu erreichen. Sie finden das Sekretariat im 1. OG des Verwaltungsgeb\u00e4udes. Email: verwaltung.hfs@schulen.offenbach.de &nbsp; Hausmeister Herr Eisenbach ist unsere tatkr\u00e4ftige Unterst\u00fctzung in Bezug auf alle Belange unseres Schulgeb\u00e4udes. Sie finden sein B\u00fcro im 1. OG des Verwaltungsgeb\u00e4udes.<\/p>\n","protected":false},"author":3,"featured_media":0,"parent":140,"menu_order":0,"comment_status":"closed","ping_status":"closed","template":"","meta":{"_uag_custom_page_level_css":"","ngg_post_thumbnail":0,"footnotes":""},"class_list":["post-148","page","type-page","status-publish","hentry"],"uagb_featured_image_src":{"full":false,"thumbnail":false,"medium":false,"medium_large":false,"large":false,"1536x1536":false,"2048x2048":false,"ashe-slider-full-thumbnail":false,"ashe-full-thumbnail":false,"ashe-list-thumbnail":false,"ashe-grid-thumbnail":false,"ashe-single-navigation":false},"uagb_author_info":{"display_name":"Hafenschule Offenbach","author_link":"https:\/\/hfs.schulen-offenbach.de\/cms\/author\/hfsof\/"},"uagb_comment_info":0,"uagb_excerpt":"Sekret\u00e4rin Frau Heinelt ist unsere Sekret\u00e4rin an der Schule. Unter der Woche ist sie montags, dienstags, mittwochs und freitags in der Zeit von 8.15 Uhr bis 13.00 Uhr und donnerstags von 8.15 Uhr bis 10.00 Uhr&nbsp;unter der Telefonnummer 069-8065 4101 zu erreichen. Sie finden das Sekretariat im 1. OG des Verwaltungsgeb\u00e4udes. Email: verwaltung.hfs@schulen.offenbach.de &nbsp; Hausmeister&hellip;","_links":{"self":[{"href":"https:\/\/hfs.schulen-offenbach.de\/cms\/wp-json\/wp\/v2\/pages\/148","targetHints":{"allow":["GET"]}}],"collection":[{"href":"https:\/\/hfs.schulen-offenbach.de\/cms\/wp-json\/wp\/v2\/pages"}],"about":[{"href":"https:\/\/hfs.schulen-offenbach.de\/cms\/wp-json\/wp\/v2\/types\/page"}],"author":[{"embeddable":true,"href":"https:\/\/hfs.schulen-offenbach.de\/cms\/wp-json\/wp\/v2\/users\/3"}],"replies":[{"embeddable":true,"href":"https:\/\/hfs.schulen-offenbach.de\/cms\/wp-json\/wp\/v2\/comments?post=148"}],"version-history":[{"count":49,"href":"https:\/\/hfs.schulen-offenbach.de\/cms\/wp-json\/wp\/v2\/pages\/148\/revisions"}],"predecessor-version":[{"id":3571,"href":"https:\/\/hfs.schulen-offenbach.de\/cms\/wp-json\/wp\/v2\/pages\/148\/revisions\/3571"}],"up":[{"embeddable":true,"href":"https:\/\/hfs.schulen-offenbach.de\/cms\/wp-json\/wp\/v2\/pages\/140"}],"wp:attachment":[{"href":"https:\/\/hfs.schulen-offenbach.de\/cms\/wp-json\/wp\/v2\/media?parent=148"}],"curies":[{"name":"wp","href":"https:\/\/api.w.org\/{rel}","templated":true}]}}