{"id":155,"date":"2017-11-07T20:15:42","date_gmt":"2017-11-07T19:15:42","guid":{"rendered":"http:\/\/hfs.schulen-offenbach.de\/cms\/?page_id=155"},"modified":"2025-10-10T12:42:30","modified_gmt":"2025-10-10T10:42:30","slug":"schulkonzept","status":"publish","type":"page","link":"https:\/\/hfs.schulen-offenbach.de\/cms\/schulkonzept\/","title":{"rendered":"Schulkonzept"},"content":{"rendered":"<p>&nbsp;<\/p>\n<p style=\"text-align: left;\"><span style=\"font-size: 17px;\"><strong><span style=\"font-size: 16px;\">Die Hafenschule versteht sich als einen Ort, an dem Kinder, unabh\u00e4ngig von ihren individuellen Voraussetzungen und sozialen Hintergru\u0308nden, die Chance erhalten, sich zu entfalten, zu lernen und zu wachsen. Wir legen Wert auf eine vertrauensvolle, wertsch\u00e4tzende und inklusive Schulgemeinschaft, die die pers\u00f6nliche Entwicklung und die soziale Kompetenz der Schu\u0308ler*innen f\u00f6rdert<\/span>.<\/strong><\/span><\/p>\n<p>&nbsp;<\/p>\n<p><span style=\"font-size: 19px;\"><strong><strong>Unsere Vision ist es,<\/strong><\/strong><\/span><\/p>\n<ul>\n<li>den Kindern eine fundierte und ganzheitliche Bildung zu vermitteln,<\/li>\n<li>die Freude am Lernen zu wecken und zu erhalten,<\/li>\n<li>soziale, kreative, kommunikative und partizipatorische Kompetenzen zu f\u00f6rdern,<\/li>\n<li>die Selbstverantwortung der Kinder zu st\u00e4rken,<\/li>\n<li>eine respektvolle und wertsch\u00e4tzende Schulgemeinschaft zu schaffen,<\/li>\n<li>einen geschu\u0308tzten Rahmen schaffen, um freundliches Lernen zu erm\u00f6glichen,<\/li>\n<li>den Dialog mit Eltern und der Gesellschaft zu pflegen und<\/li>\n<li>eine Schule zu sein, die aktiv Verantwortung fu\u0308r die nachhaltige Entwicklung von Mensch und Umwelt u\u0308bernimmt.<\/li>\n<\/ul>\n<p><a href=\"https:\/\/hfs.schulen-offenbach.de\/cms\/wp-content\/uploads\/2025\/10\/Schulkonzept-Hafenschule.pdf\">Schulkonzept Hafenschule<\/a><\/p>\n","protected":false},"excerpt":{"rendered":"<p>&nbsp; Die Hafenschule versteht sich als einen Ort, an dem Kinder, unabh\u00e4ngig von ihren individuellen Voraussetzungen und sozialen Hintergru\u0308nden, die Chance erhalten, sich zu entfalten, zu lernen und zu wachsen. Wir legen Wert auf eine vertrauensvolle, wertsch\u00e4tzende und inklusive Schulgemeinschaft, die die pers\u00f6nliche Entwicklung und die soziale Kompetenz der Schu\u0308ler*innen f\u00f6rdert. &nbsp; Unsere Vision ist es, den Kindern eine fundierte und ganzheitliche Bildung zu vermitteln, die Freude am Lernen zu wecken und zu erhalten, soziale, kreative, kommunikative und partizipatorische Kompetenzen zu f\u00f6rdern, die Selbstverantwortung der Kinder zu st\u00e4rken, eine respektvolle und wertsch\u00e4tzende Schulgemeinschaft zu schaffen, einen geschu\u0308tzten Rahmen schaffen, um freundliches Lernen zu erm\u00f6glichen, den Dialog mit Eltern und der Gesellschaft zu pflegen und eine Schule zu sein, die aktiv Verantwortung fu\u0308r die nachhaltige Entwicklung von Mensch und Umwelt u\u0308bernimmt. Schulkonzept Hafenschule<\/p>\n","protected":false},"author":3,"featured_media":0,"parent":0,"menu_order":0,"comment_status":"closed","ping_status":"closed","template":"","meta":{"_uag_custom_page_level_css":"","ngg_post_thumbnail":0,"footnotes":""},"class_list":["post-155","page","type-page","status-publish","hentry"],"uagb_featured_image_src":{"full":false,"thumbnail":false,"medium":false,"medium_large":false,"large":false,"1536x1536":false,"2048x2048":false,"ashe-slider-full-thumbnail":false,"ashe-full-thumbnail":false,"ashe-list-thumbnail":false,"ashe-grid-thumbnail":false,"ashe-single-navigation":false},"uagb_author_info":{"display_name":"Hafenschule Offenbach","author_link":"https:\/\/hfs.schulen-offenbach.de\/cms\/author\/hfsof\/"},"uagb_comment_info":0,"uagb_excerpt":"&nbsp; Die Hafenschule versteht sich als einen Ort, an dem Kinder, unabh\u00e4ngig von ihren individuellen Voraussetzungen und sozialen Hintergru\u0308nden, die Chance erhalten, sich zu entfalten, zu lernen und zu wachsen. Wir legen Wert auf eine vertrauensvolle, wertsch\u00e4tzende und inklusive Schulgemeinschaft, die die pers\u00f6nliche Entwicklung und die soziale Kompetenz der Schu\u0308ler*innen f\u00f6rdert. &nbsp; Unsere Vision ist&hellip;","_links":{"self":[{"href":"https:\/\/hfs.schulen-offenbach.de\/cms\/wp-json\/wp\/v2\/pages\/155","targetHints":{"allow":["GET"]}}],"collection":[{"href":"https:\/\/hfs.schulen-offenbach.de\/cms\/wp-json\/wp\/v2\/pages"}],"about":[{"href":"https:\/\/hfs.schulen-offenbach.de\/cms\/wp-json\/wp\/v2\/types\/page"}],"author":[{"embeddable":true,"href":"https:\/\/hfs.schulen-offenbach.de\/cms\/wp-json\/wp\/v2\/users\/3"}],"replies":[{"embeddable":true,"href":"https:\/\/hfs.schulen-offenbach.de\/cms\/wp-json\/wp\/v2\/comments?post=155"}],"version-history":[{"count":4,"href":"https:\/\/hfs.schulen-offenbach.de\/cms\/wp-json\/wp\/v2\/pages\/155\/revisions"}],"predecessor-version":[{"id":3406,"href":"https:\/\/hfs.schulen-offenbach.de\/cms\/wp-json\/wp\/v2\/pages\/155\/revisions\/3406"}],"wp:attachment":[{"href":"https:\/\/hfs.schulen-offenbach.de\/cms\/wp-json\/wp\/v2\/media?parent=155"}],"curies":[{"name":"wp","href":"https:\/\/api.w.org\/{rel}","templated":true}]}}