{"id":158,"date":"2017-11-07T20:15:55","date_gmt":"2017-11-07T19:15:55","guid":{"rendered":"http:\/\/hfs.schulen-offenbach.de\/cms\/?page_id=158"},"modified":"2025-10-10T13:21:30","modified_gmt":"2025-10-10T11:21:30","slug":"schulprogramm","status":"publish","type":"page","link":"https:\/\/hfs.schulen-offenbach.de\/cms\/schulkonzept\/schulprogramm\/","title":{"rendered":"Schulgeb\u00e4ude"},"content":{"rendered":"<p>Die Hafenschule ist eine vierz\u00fcgige Grundschule mit einer Vorklasse und einer Intensivklasse. Aktuell existieren in jedem Jahrgang eine Ganztagsklasse und drei Regelklassen, bis auf die Ausnahme im 4. Schuljahr &#8211; hier haben wir zwei Ganztagsklassen.<\/p>\n<p>W\u00e4hrend des gesamten Schuljahres unterst\u00fctzen sich alle Klassen im Schulalltag \u2013 auch jahrgangs\u00fcbergreifend. Hier sei besonders das Konzept der Patenklasse erw\u00e4hnt. Dabei hilft der dritte Jahrgang unseren J\u00fcngsten insbesondere in der Anfangszeit, sich zu orientieren.<\/p>\n<p>Unser Neubau bietet diverse r\u00e4umliche Besonderheiten:<\/p>\n<p>&nbsp;<\/p>\n<h3>Sporthalle<\/h3>\n<p>Die doppelst\u00f6ckigen Sporthallen sind fester Bestandteil unseres Schulalltages und in ihrer Ausstattung wahrlich besonders. Im 1. OG befinden sich fest verlegte Judomatten. Diese werden sowohl vom Sportverein \u201eSamurai Offenbach\u201c als auch w\u00e4hrend des Sportunterrichtes und den Bewegungsstunden vielf\u00e4ltig genutzt. Im 3. OG kann mit wenigen Handgriffen ein umfangreicher Kletter- und Erlebnisparcour mit Cube-Elementen aufgebaut werden.<\/p>\n<p>&nbsp;<\/p>\n<h3>Bibliothek<\/h3>\n<p>Die Stadtb\u00fccherei der Stadt Offenbach unterst\u00fctzt die Hafenschule bei der Ausstattung sowie Katalogisierung und Verwaltung ihrer eigenen Schulb\u00fccherei. Die Schulbibliothek von Montag bis Freitag in der Zeit von 9.30-11.45 Uhr ge\u00f6ffnet. Alle wichtigen Infos zu unserer Schulbibliothek sind <a href=\"https:\/\/hfs.schulen-offenbach.de\/cms\/wp-content\/uploads\/2021\/07\/HFS-Flyer_Eltern_2021.pdf\">hier<\/a> zu finden.<\/p>\n<p>Die B\u00fcchersammlung wird von unserer Sekret\u00e4rin und den Mitarbeitenden betreut. Sie erinnern auch an noch nicht zur\u00fcckgegebene B\u00fccher.&nbsp;Die Bibliothek wird ebenfalls individuell genutzt, beispielsweise w\u00e4hrend der Pausen sowie durch eine Integration der B\u00fccherei in den Klassenunterricht.<\/p>\n<p>Hier finden Sie das <a href=\"https:\/\/hfs.schulen-offenbach.de\/cms\/wp-content\/uploads\/2018\/04\/Anmeldeformular-Leseausweis-1.pdf\">Anmeldeformular <\/a>&nbsp;f\u00fcr den Leseausweis.<\/p>\n<p>&nbsp;<\/p>\n<h3>Besondere R\u00e4umlichkeiten<\/h3>\n<ul>\n<li>Weitere Fachr\u00e4ume sind der Musik-, Kunst- und Werkraum (mit Brennofen), der Computerraum sowie der Sinnesraum.<\/li>\n<li>Im Freizeit- und Begegnungsraum k\u00f6nnen sich unsere Sch\u00fcler und Sch\u00fclerinnen w\u00e4hrend der Schulzeit sowie am Nachmittag mit Gesellschaftsspielen und anderen entspannenden Aktivit\u00e4ten besch\u00e4ftigen.<\/li>\n<li>Immer zwei Klassenr\u00e4ume besitzen einen Differenzierungsraum. In diesem Raum kann individuelle F\u00f6rderung erm\u00f6glicht oder in Kleingruppen gearbeitet werden. Weitergehende F\u00f6rderungen (Sprachf\u00f6rderung, Konzentrationstraining, etc.) k\u00f6nnen in speziellen F\u00f6rderr\u00e4umen umgesetzt werden.<\/li>\n<li>Projekt \u2013 Aulapause: Die Aulapause wurde eingef\u00fchrt, um die Pausen und die Nachmittage in der Hafenschule noch aktiver f\u00fcr die Kinder zu gestalten. Hierf\u00fcr wurde ein Raum mit Pausenspielen und kleinen Sportger\u00e4ten etabliert. Das Ausleihsystem der Aulapause wird eigenverantwortlich von den Sch\u00fclerinnen und Sch\u00fclern des vierten Jahrgangs geleitet. Auf einem Regelplakat sind die wichtigsten Regeln f\u00fcr die Spielausleihe sowie den Umgang mit den Ger\u00e4ten notiert. Um sich etwas aus der Aulapause ausleihen zu k\u00f6nnen, haben alle Kinder in der Schule einen Ausweis mit ihrem Namen sowie dem Klassensymbol erhalten. Diesen Ausweis tauschen die Sch\u00fclerinnen und Sch\u00fcler gegen ein Spielger\u00e4t ihrer Wahl und erhalten ihn bei der R\u00fcckgabe des Ger\u00e4tes zur\u00fcck.<\/li>\n<li>Mediale Ausstattung: Mediaboards und ein Klassensatz an Tablet<\/li>\n<\/ul>\n","protected":false},"excerpt":{"rendered":"<p>Die Hafenschule ist eine vierz\u00fcgige Grundschule mit einer Vorklasse und einer Intensivklasse. Aktuell existieren in jedem Jahrgang eine Ganztagsklasse und drei Regelklassen, bis auf die Ausnahme im 4. Schuljahr &#8211; hier haben wir zwei Ganztagsklassen. W\u00e4hrend des gesamten Schuljahres unterst\u00fctzen sich alle Klassen im Schulalltag \u2013 auch jahrgangs\u00fcbergreifend. Hier sei besonders das Konzept der Patenklasse erw\u00e4hnt. Dabei hilft der dritte Jahrgang unseren J\u00fcngsten insbesondere in der Anfangszeit, sich zu orientieren. Unser Neubau bietet diverse r\u00e4umliche Besonderheiten: &nbsp; Sporthalle Die doppelst\u00f6ckigen Sporthallen sind fester Bestandteil unseres Schulalltages und in ihrer Ausstattung wahrlich besonders. Im 1. OG befinden sich fest verlegte Judomatten. Diese werden sowohl vom Sportverein \u201eSamurai Offenbach\u201c als auch w\u00e4hrend des Sportunterrichtes und den Bewegungsstunden vielf\u00e4ltig genutzt. Im 3. OG kann mit wenigen Handgriffen ein umfangreicher Kletter- und Erlebnisparcour mit Cube-Elementen aufgebaut werden. &nbsp; Bibliothek Die Stadtb\u00fccherei der Stadt Offenbach unterst\u00fctzt die Hafenschule bei der Ausstattung sowie Katalogisierung und Verwaltung ihrer eigenen Schulb\u00fccherei. Die Schulbibliothek von Montag bis Freitag in der Zeit von 9.30-11.45 Uhr ge\u00f6ffnet. Alle wichtigen Infos zu unserer Schulbibliothek sind hier zu finden. Die B\u00fcchersammlung wird von unserer Sekret\u00e4rin und den Mitarbeitenden betreut. Sie erinnern auch an noch nicht zur\u00fcckgegebene B\u00fccher.&nbsp;Die Bibliothek wird ebenfalls individuell genutzt, beispielsweise w\u00e4hrend der Pausen sowie durch eine Integration der B\u00fccherei in den Klassenunterricht. Hier finden Sie das Anmeldeformular &nbsp;f\u00fcr den Leseausweis. &nbsp; Besondere R\u00e4umlichkeiten Weitere Fachr\u00e4ume sind der Musik-, Kunst- und Werkraum (mit Brennofen), der Computerraum sowie der Sinnesraum. Im Freizeit- und Begegnungsraum k\u00f6nnen sich unsere Sch\u00fcler und Sch\u00fclerinnen w\u00e4hrend der Schulzeit sowie am Nachmittag mit Gesellschaftsspielen und anderen entspannenden Aktivit\u00e4ten besch\u00e4ftigen. Immer zwei Klassenr\u00e4ume besitzen einen Differenzierungsraum. In diesem Raum kann individuelle F\u00f6rderung erm\u00f6glicht oder in Kleingruppen gearbeitet werden. Weitergehende F\u00f6rderungen (Sprachf\u00f6rderung, Konzentrationstraining, etc.) k\u00f6nnen in speziellen F\u00f6rderr\u00e4umen umgesetzt werden. Projekt \u2013 Aulapause: Die Aulapause wurde eingef\u00fchrt, um die Pausen und die Nachmittage in der Hafenschule noch aktiver f\u00fcr die Kinder zu gestalten. Hierf\u00fcr wurde ein Raum mit Pausenspielen und kleinen Sportger\u00e4ten etabliert. Das Ausleihsystem der Aulapause wird eigenverantwortlich von den Sch\u00fclerinnen und Sch\u00fclern des vierten Jahrgangs geleitet. Auf einem Regelplakat sind die wichtigsten Regeln f\u00fcr die Spielausleihe sowie den Umgang mit den Ger\u00e4ten notiert. Um sich etwas aus der Aulapause ausleihen zu k\u00f6nnen, haben alle Kinder in der Schule einen Ausweis mit ihrem Namen sowie dem Klassensymbol erhalten. Diesen Ausweis tauschen die Sch\u00fclerinnen und Sch\u00fcler gegen ein Spielger\u00e4t ihrer Wahl und erhalten ihn bei der R\u00fcckgabe des Ger\u00e4tes zur\u00fcck. Mediale Ausstattung: Mediaboards und ein Klassensatz an Tablet<\/p>\n","protected":false},"author":3,"featured_media":0,"parent":155,"menu_order":0,"comment_status":"closed","ping_status":"closed","template":"","meta":{"_uag_custom_page_level_css":"","ngg_post_thumbnail":0,"footnotes":""},"class_list":["post-158","page","type-page","status-publish","hentry"],"uagb_featured_image_src":{"full":false,"thumbnail":false,"medium":false,"medium_large":false,"large":false,"1536x1536":false,"2048x2048":false,"ashe-slider-full-thumbnail":false,"ashe-full-thumbnail":false,"ashe-list-thumbnail":false,"ashe-grid-thumbnail":false,"ashe-single-navigation":false},"uagb_author_info":{"display_name":"Hafenschule Offenbach","author_link":"https:\/\/hfs.schulen-offenbach.de\/cms\/author\/hfsof\/"},"uagb_comment_info":0,"uagb_excerpt":"Die Hafenschule ist eine vierz\u00fcgige Grundschule mit einer Vorklasse und einer Intensivklasse. Aktuell existieren in jedem Jahrgang eine Ganztagsklasse und drei Regelklassen, bis auf die Ausnahme im 4. Schuljahr &#8211; hier haben wir zwei Ganztagsklassen. W\u00e4hrend des gesamten Schuljahres unterst\u00fctzen sich alle Klassen im Schulalltag \u2013 auch jahrgangs\u00fcbergreifend. Hier sei besonders das Konzept der Patenklasse&hellip;","_links":{"self":[{"href":"https:\/\/hfs.schulen-offenbach.de\/cms\/wp-json\/wp\/v2\/pages\/158","targetHints":{"allow":["GET"]}}],"collection":[{"href":"https:\/\/hfs.schulen-offenbach.de\/cms\/wp-json\/wp\/v2\/pages"}],"about":[{"href":"https:\/\/hfs.schulen-offenbach.de\/cms\/wp-json\/wp\/v2\/types\/page"}],"author":[{"embeddable":true,"href":"https:\/\/hfs.schulen-offenbach.de\/cms\/wp-json\/wp\/v2\/users\/3"}],"replies":[{"embeddable":true,"href":"https:\/\/hfs.schulen-offenbach.de\/cms\/wp-json\/wp\/v2\/comments?post=158"}],"version-history":[{"count":19,"href":"https:\/\/hfs.schulen-offenbach.de\/cms\/wp-json\/wp\/v2\/pages\/158\/revisions"}],"predecessor-version":[{"id":3426,"href":"https:\/\/hfs.schulen-offenbach.de\/cms\/wp-json\/wp\/v2\/pages\/158\/revisions\/3426"}],"up":[{"embeddable":true,"href":"https:\/\/hfs.schulen-offenbach.de\/cms\/wp-json\/wp\/v2\/pages\/155"}],"wp:attachment":[{"href":"https:\/\/hfs.schulen-offenbach.de\/cms\/wp-json\/wp\/v2\/media?parent=158"}],"curies":[{"name":"wp","href":"https:\/\/api.w.org\/{rel}","templated":true}]}}