{"id":161,"date":"2017-11-07T20:16:27","date_gmt":"2017-11-07T19:16:27","guid":{"rendered":"http:\/\/hfs.schulen-offenbach.de\/cms\/?page_id=161"},"modified":"2025-10-10T12:44:38","modified_gmt":"2025-10-10T10:44:38","slug":"paedagogische-leitgedanken","status":"publish","type":"page","link":"https:\/\/hfs.schulen-offenbach.de\/cms\/schulkonzept\/paedagogische-leitgedanken\/","title":{"rendered":"P\u00e4dagogische Leitgedanken"},"content":{"rendered":"<p>&nbsp;<\/p>\n<p class=\"p2\"><span style=\"font-size: 18px;\"><b>P\u00e4dagogische Leitgedanken der Hafenschule<\/b><\/span><\/p>\n<p>&nbsp;<\/p>\n<p class=\"p4\"><span style=\"font-size: 16px;\">I. <b>Kindgerechtes Lernen: <\/b>Jedes Kind wird als einzigartige Pers\u00f6nlichkeit wahrgenommen. Wir schaffen Lernumgebungen, die Neugierde, Kreativit\u00e4t und Selbstst\u00e4ndigkeit f\u00f6rdern. Ziel ist es, das die Kinder eine Freude am Lernen haben, um ein lebenslanges Lernen zu f\u00f6rdern.<\/span><\/p>\n<p class=\"p4\"><span style=\"font-size: 16px;\">II. <b>Gemeinschaft und Respekt: <\/b>Unser schulisches Miteinander basiert auf gegenseitigem Respekt, Toleranz und Wertsch\u00e4tzung. Vielfalt wird als Bereicherung verstanden.<\/span><\/p>\n<p class=\"p4\"><span style=\"font-size: 16px;\">III. <b>Ganzheitliche F\u00f6rderung: <\/b>Bildung umfasst nicht nur Fachwissen, sondern auch soziale, emotionale und kreative Kompetenzen. Unsere Arbeit zielt auf die Entwicklung eines starken Selbstwertgef\u00fchls und verantwortungsbewussten Handelns.<\/span><\/p>\n<p class=\"p4\"><span style=\"font-size: 16px;\">IV. <b>Inklusion und Chancengleichheit: <\/b>Wir sorgen daf\u00fcr, dass alle Kinder die gleiche M\u00f6glichkeit haben, ihr Potenzial zu entfalten, unabh\u00e4ngig von Herkunft, sozialen Bedingungen oder individuellen Herausforderungen.<\/span><\/p>\n<p class=\"p5\"><span style=\"font-size: 16px;\"><span class=\"s1\">V. <\/span><b>Partizipation<\/b>: Kinder sollen aktiv an ihrem Lernprozess und an der Gestaltung des Schulalltags beteiligt werden.<\/span><\/p>\n<p class=\"p2\"><span style=\"font-size: 16px;\"><span class=\"s1\">VI. <\/span><b>Nachhaltigkeit<\/b>: Wir f\u00f6rdern ein Bewusstsein f\u00fcr Umwelt und Verantwortung und setzen dies in konkretes Handeln um.<\/span><\/p>\n","protected":false},"excerpt":{"rendered":"<p>&nbsp; P\u00e4dagogische Leitgedanken der Hafenschule &nbsp; I. Kindgerechtes Lernen: Jedes Kind wird als einzigartige Pers\u00f6nlichkeit wahrgenommen. Wir schaffen Lernumgebungen, die Neugierde, Kreativit\u00e4t und Selbstst\u00e4ndigkeit f\u00f6rdern. Ziel ist es, das die Kinder eine Freude am Lernen haben, um ein lebenslanges Lernen zu f\u00f6rdern. II. Gemeinschaft und Respekt: Unser schulisches Miteinander basiert auf gegenseitigem Respekt, Toleranz und Wertsch\u00e4tzung. Vielfalt wird als Bereicherung verstanden. III. Ganzheitliche F\u00f6rderung: Bildung umfasst nicht nur Fachwissen, sondern auch soziale, emotionale und kreative Kompetenzen. Unsere Arbeit zielt auf die Entwicklung eines starken Selbstwertgef\u00fchls und verantwortungsbewussten Handelns. IV. Inklusion und Chancengleichheit: Wir sorgen daf\u00fcr, dass alle Kinder die gleiche M\u00f6glichkeit haben, ihr Potenzial zu entfalten, unabh\u00e4ngig von Herkunft, sozialen Bedingungen oder individuellen Herausforderungen. V. Partizipation: Kinder sollen aktiv an ihrem Lernprozess und an der Gestaltung des Schulalltags beteiligt werden. VI. Nachhaltigkeit: Wir f\u00f6rdern ein Bewusstsein f\u00fcr Umwelt und Verantwortung und setzen dies in konkretes Handeln um.<\/p>\n","protected":false},"author":3,"featured_media":0,"parent":155,"menu_order":0,"comment_status":"closed","ping_status":"closed","template":"","meta":{"_uag_custom_page_level_css":"","ngg_post_thumbnail":0,"footnotes":""},"class_list":["post-161","page","type-page","status-publish","hentry"],"uagb_featured_image_src":{"full":false,"thumbnail":false,"medium":false,"medium_large":false,"large":false,"1536x1536":false,"2048x2048":false,"ashe-slider-full-thumbnail":false,"ashe-full-thumbnail":false,"ashe-list-thumbnail":false,"ashe-grid-thumbnail":false,"ashe-single-navigation":false},"uagb_author_info":{"display_name":"Hafenschule Offenbach","author_link":"https:\/\/hfs.schulen-offenbach.de\/cms\/author\/hfsof\/"},"uagb_comment_info":0,"uagb_excerpt":"&nbsp; P\u00e4dagogische Leitgedanken der Hafenschule &nbsp; I. Kindgerechtes Lernen: Jedes Kind wird als einzigartige Pers\u00f6nlichkeit wahrgenommen. Wir schaffen Lernumgebungen, die Neugierde, Kreativit\u00e4t und Selbstst\u00e4ndigkeit f\u00f6rdern. Ziel ist es, das die Kinder eine Freude am Lernen haben, um ein lebenslanges Lernen zu f\u00f6rdern. II. Gemeinschaft und Respekt: Unser schulisches Miteinander basiert auf gegenseitigem Respekt, Toleranz und&hellip;","_links":{"self":[{"href":"https:\/\/hfs.schulen-offenbach.de\/cms\/wp-json\/wp\/v2\/pages\/161","targetHints":{"allow":["GET"]}}],"collection":[{"href":"https:\/\/hfs.schulen-offenbach.de\/cms\/wp-json\/wp\/v2\/pages"}],"about":[{"href":"https:\/\/hfs.schulen-offenbach.de\/cms\/wp-json\/wp\/v2\/types\/page"}],"author":[{"embeddable":true,"href":"https:\/\/hfs.schulen-offenbach.de\/cms\/wp-json\/wp\/v2\/users\/3"}],"replies":[{"embeddable":true,"href":"https:\/\/hfs.schulen-offenbach.de\/cms\/wp-json\/wp\/v2\/comments?post=161"}],"version-history":[{"count":6,"href":"https:\/\/hfs.schulen-offenbach.de\/cms\/wp-json\/wp\/v2\/pages\/161\/revisions"}],"predecessor-version":[{"id":3409,"href":"https:\/\/hfs.schulen-offenbach.de\/cms\/wp-json\/wp\/v2\/pages\/161\/revisions\/3409"}],"up":[{"embeddable":true,"href":"https:\/\/hfs.schulen-offenbach.de\/cms\/wp-json\/wp\/v2\/pages\/155"}],"wp:attachment":[{"href":"https:\/\/hfs.schulen-offenbach.de\/cms\/wp-json\/wp\/v2\/media?parent=161"}],"curies":[{"name":"wp","href":"https:\/\/api.w.org\/{rel}","templated":true}]}}