{"id":1680,"date":"2020-03-24T16:06:01","date_gmt":"2020-03-24T15:06:01","guid":{"rendered":"https:\/\/hfs.schulen-offenbach.de\/cms\/?page_id=1680"},"modified":"2020-04-21T12:34:47","modified_gmt":"2020-04-21T10:34:47","slug":"besondere-mitarbeiter","status":"publish","type":"page","link":"https:\/\/hfs.schulen-offenbach.de\/cms\/die-schule\/besondere-mitarbeiter\/","title":{"rendered":"Besondere Mitarbeiter"},"content":{"rendered":"\n<figure class=\"wp-block-image size-large\"><img loading=\"lazy\" decoding=\"async\" width=\"1024\" height=\"768\" src=\"https:\/\/hfs.schulen-offenbach.de\/cms\/wp-content\/uploads\/2020\/04\/Jule-1-1024x768.jpg\" alt=\"\" class=\"wp-image-1772\" srcset=\"https:\/\/hfs.schulen-offenbach.de\/cms\/wp-content\/uploads\/2020\/04\/Jule-1-1024x768.jpg 1024w, https:\/\/hfs.schulen-offenbach.de\/cms\/wp-content\/uploads\/2020\/04\/Jule-1-300x225.jpg 300w, https:\/\/hfs.schulen-offenbach.de\/cms\/wp-content\/uploads\/2020\/04\/Jule-1-768x576.jpg 768w, https:\/\/hfs.schulen-offenbach.de\/cms\/wp-content\/uploads\/2020\/04\/Jule-1-1536x1152.jpg 1536w, https:\/\/hfs.schulen-offenbach.de\/cms\/wp-content\/uploads\/2020\/04\/Jule-1.jpg 1600w\" sizes=\"auto, (max-width: 1024px) 100vw, 1024px\" \/><figcaption>&#8222;Ich hei\u00dfe Jule.&#8220;<\/figcaption><\/figure>\n\n\n\n<p><\/p>\n\n\n\n<p>Seit 2019 arbeiten wir an unserer Grundschule erfolgreich mit dem Schulhund im Bereich \u201eTiergest\u00fctzte P\u00e4dagogik\u201c. <\/p>\n\n\n\n<p><em>Tiergest\u00fctzte P\u00e4dagogik<\/em> bedeutet, dass die p\u00e4dagogische Arbeit durch ein Tier unterst\u00fctzt wird. In der Beobachtung von Kindern l\u00e4sst sich schnell erkennen, dass sie sehr frei und unbeschwert auf Tiere zugehen. Diese nat\u00fcrliche Affinit\u00e4t der Kinder zu Tieren wird von uns in der p\u00e4dagogischen Arbeit mit Hilfe von unserem Schulhund genutzt. <\/p>\n\n\n\n<p class=\"has-text-align-left\">Unser Schulhund geht lediglich an wenigen Tagen pro Woche  mit  in  den  Unterricht  und  wird meist  in  bestimmte  Unterrichtseinheiten  aktiv  involviert. Sie kann folgende Lern- und Entwicklungsbereiche positiv unterst\u00fctzen:<\/p>\n\n\n\n<ul class=\"wp-block-list\"><li>F\u00f6rderung der Lernatmosph\u00e4re <\/li><li>F\u00f6rderung emotionaler und sozialer Kompetenzen<\/li><li>F\u00f6rderung von Selbstkompetenz<\/li><li>F\u00f6rderung der Motorik und Wahrnehmung<\/li><li>F\u00f6rderung der Kommunikation<\/li><li>Lernen f\u00fcr das Leben<\/li><\/ul>\n\n\n\n<p>Aktuell ist unser Schulhund, der Schnauzer <em>Jule<\/em>, im Einsatz. Gemeinsam mit Ihrer Besitzerin, unserer Kollegin und UBUS, B. Decker, besucht sie &#8211; abwechslend und wo es n\u00f6tig ist- unsere Klassen. Jule darf nur mit ihrer Bezugsperson in den Einsatz und wird nicht an andere Lehrkr\u00e4fte &#8222;ausgeliehen&#8220;. Frau Decker und Jule sind vom <a href=\"http:\/\/www.tbdev.de\/de\/der-tbd\">Therapiebegleithunde Deutschland e.V.<\/a> ausgebildete Mitglieder.<\/p>\n\n\n\n<p>Es ist jedem Kind frei \u00fcberlassen, zu einem vorgebenen Zeitpunkt unsere Jule zu streicheln. Dabei l\u00e4sst sich erkennen, dass auch \u00e4ngstliche Kinder schnell einen Zugang zu der H\u00fcndin finden. Das macht diese Kinder stolz und steigert ihr Selbstwertgef\u00fchl.<\/p>\n\n\n\n<p>Bereits bei der Schulanmeldung werden die Erziehungsberechtigen \u00fcber unseren Schulhund informiert. In der Regel stellen wir auch am 1. Klassenelterabend aller Erstklassen unseren Schulhund vor.<\/p>\n\n\n\n<p><\/p>\n","protected":false},"excerpt":{"rendered":"<p>Seit 2019 arbeiten wir an unserer Grundschule erfolgreich mit dem Schulhund im Bereich \u201eTiergest\u00fctzte P\u00e4dagogik\u201c. Tiergest\u00fctzte P\u00e4dagogik bedeutet, dass die p\u00e4dagogische Arbeit durch ein Tier unterst\u00fctzt wird. In der Beobachtung von Kindern l\u00e4sst sich schnell erkennen, dass sie sehr frei und unbeschwert auf Tiere zugehen. Diese nat\u00fcrliche Affinit\u00e4t der Kinder zu Tieren wird von uns in der p\u00e4dagogischen Arbeit mit Hilfe von unserem Schulhund genutzt. Unser Schulhund geht lediglich an wenigen Tagen pro Woche mit in den Unterricht und wird meist in bestimmte Unterrichtseinheiten aktiv involviert. Sie kann folgende Lern- und Entwicklungsbereiche positiv unterst\u00fctzen: F\u00f6rderung der Lernatmosph\u00e4re F\u00f6rderung emotionaler und sozialer Kompetenzen F\u00f6rderung von Selbstkompetenz F\u00f6rderung der Motorik und Wahrnehmung F\u00f6rderung der Kommunikation Lernen f\u00fcr das Leben Aktuell ist unser Schulhund, der Schnauzer Jule, im Einsatz. Gemeinsam mit Ihrer Besitzerin, unserer Kollegin und UBUS, B. Decker, besucht sie &#8211; abwechslend und wo es n\u00f6tig ist- unsere Klassen. Jule darf nur mit ihrer Bezugsperson in den Einsatz und wird nicht an andere Lehrkr\u00e4fte &#8222;ausgeliehen&#8220;. Frau Decker und Jule sind vom Therapiebegleithunde Deutschland e.V. ausgebildete Mitglieder. Es ist jedem Kind frei \u00fcberlassen, zu einem vorgebenen Zeitpunkt unsere Jule zu streicheln. Dabei l\u00e4sst sich erkennen, dass auch \u00e4ngstliche Kinder schnell einen Zugang zu der H\u00fcndin finden. Das macht diese Kinder stolz und steigert ihr Selbstwertgef\u00fchl. Bereits bei der Schulanmeldung werden die Erziehungsberechtigen \u00fcber unseren Schulhund informiert. In der Regel stellen wir auch am 1. Klassenelterabend aller Erstklassen unseren Schulhund vor.<\/p>\n","protected":false},"author":3,"featured_media":0,"parent":140,"menu_order":0,"comment_status":"closed","ping_status":"closed","template":"","meta":{"_uag_custom_page_level_css":"","ngg_post_thumbnail":0,"footnotes":""},"class_list":["post-1680","page","type-page","status-publish","hentry"],"uagb_featured_image_src":{"full":false,"thumbnail":false,"medium":false,"medium_large":false,"large":false,"1536x1536":false,"2048x2048":false,"ashe-slider-full-thumbnail":false,"ashe-full-thumbnail":false,"ashe-list-thumbnail":false,"ashe-grid-thumbnail":false,"ashe-single-navigation":false},"uagb_author_info":{"display_name":"Hafenschule Offenbach","author_link":"https:\/\/hfs.schulen-offenbach.de\/cms\/author\/hfsof\/"},"uagb_comment_info":0,"uagb_excerpt":"Seit 2019 arbeiten wir an unserer Grundschule erfolgreich mit dem Schulhund im Bereich \u201eTiergest\u00fctzte P\u00e4dagogik\u201c. Tiergest\u00fctzte P\u00e4dagogik bedeutet, dass die p\u00e4dagogische Arbeit durch ein Tier unterst\u00fctzt wird. In der Beobachtung von Kindern l\u00e4sst sich schnell erkennen, dass sie sehr frei und unbeschwert auf Tiere zugehen. Diese nat\u00fcrliche Affinit\u00e4t der Kinder zu Tieren wird von uns&hellip;","_links":{"self":[{"href":"https:\/\/hfs.schulen-offenbach.de\/cms\/wp-json\/wp\/v2\/pages\/1680","targetHints":{"allow":["GET"]}}],"collection":[{"href":"https:\/\/hfs.schulen-offenbach.de\/cms\/wp-json\/wp\/v2\/pages"}],"about":[{"href":"https:\/\/hfs.schulen-offenbach.de\/cms\/wp-json\/wp\/v2\/types\/page"}],"author":[{"embeddable":true,"href":"https:\/\/hfs.schulen-offenbach.de\/cms\/wp-json\/wp\/v2\/users\/3"}],"replies":[{"embeddable":true,"href":"https:\/\/hfs.schulen-offenbach.de\/cms\/wp-json\/wp\/v2\/comments?post=1680"}],"version-history":[{"count":5,"href":"https:\/\/hfs.schulen-offenbach.de\/cms\/wp-json\/wp\/v2\/pages\/1680\/revisions"}],"predecessor-version":[{"id":1774,"href":"https:\/\/hfs.schulen-offenbach.de\/cms\/wp-json\/wp\/v2\/pages\/1680\/revisions\/1774"}],"up":[{"embeddable":true,"href":"https:\/\/hfs.schulen-offenbach.de\/cms\/wp-json\/wp\/v2\/pages\/140"}],"wp:attachment":[{"href":"https:\/\/hfs.schulen-offenbach.de\/cms\/wp-json\/wp\/v2\/media?parent=1680"}],"curies":[{"name":"wp","href":"https:\/\/api.w.org\/{rel}","templated":true}]}}