{"id":170,"date":"2017-11-07T20:19:36","date_gmt":"2017-11-07T19:19:36","guid":{"rendered":"http:\/\/hfs.schulen-offenbach.de\/cms\/?page_id=170"},"modified":"2025-03-23T11:50:37","modified_gmt":"2025-03-23T10:50:37","slug":"foerderverein","status":"publish","type":"page","link":"https:\/\/hfs.schulen-offenbach.de\/cms\/foerderverein\/","title":{"rendered":"F\u00f6rderverein"},"content":{"rendered":"<p><img loading=\"lazy\" decoding=\"async\" class=\"wp-image-264 aligncenter\" src=\"http:\/\/hfs.schulen-offenbach.de\/cms\/wp-content\/uploads\/2018\/01\/logo-foerderverein.png\" alt=\"\" width=\"130\" height=\"210\"><\/p>\n<p style=\"text-align: center;\"><span style=\"color: #3366ff; font-size: 30px;\"><strong>Der F\u00f6rderverein stellt sich vor<\/strong><\/span><\/p>\n<p style=\"text-align: left;\"><span style=\"font-size: 18px;\">Der F\u00f6rderverein der Hafenschule ist ein gemeinn\u00fctziger Verein, der mit ehrenamtlichem Engagement und finanziellen Mitteln das gemeinsame Lernen und<\/span><br \/>\n<span style=\"font-size: 18px;\">Zusammenleben an der Hafenschule unterst\u00fctzt. Die Schule ist f\u00fcr Kinder Mittelpunkt ihres t\u00e4glichen Lernens, Spielens und Zusammenseins. Hier schlie\u00dfen<\/span><br \/>\n<span style=\"font-size: 18px;\">sie Freundschaften, lernen Konflikte zu bew\u00e4ltigen und unterschiedliche Meinungen zu tolerieren: Sie lernen f\u00fcr das Leben. <\/span><span style=\"font-size: 18px;\">Durch bereitgestellte Spenden k\u00f6nnen moderne Ger\u00e4te und interessantes Unterrichtsmaterial angeschafft werden, die die Umgebung motivierender gestalten&nbsp;und erfolgreiches Lernen erleichtern. Zusch\u00fcsse f\u00fcr Klassenfahrten und zu Projekten erm\u00f6glichen allen Kindern die Teilhabe. Das st\u00e4rkt die Klassenverb\u00e4nde und den <\/span><span style=\"font-size: 18px;\">Zusammenhalt und f\u00f6rdert ein wertsch\u00e4tzendes und respektvolles Miteinander.<\/span><\/p>\n<p style=\"text-align: left;\"><span style=\"font-size: 18px;\">Mit Ihrer Unterst\u00fctzung k\u00f6nnen Sie einen wichtigen Beitrag zur Verbesserung des Schulalltags an der Hafenschule leisten und aktiv zu mehr Bildungsgerechtigkeit und <\/span><span style=\"font-size: 18px;\">Chancengleichheit beitragen!<\/span><\/p>\n<p style=\"text-align: left;\"><span style=\"font-size: 18px;\">Neben den Spenden sind wir nat\u00fcrlich auch auf tatkr\u00e4ftige Unterst\u00fctzung angewiesen. Wir sind jederzeit dankbar f\u00fcr Anregungen und Eigeninitiativen unserer<\/span><br \/>\n<span style=\"font-size: 18px;\">Mitglieder f\u00fcr weitere Projekte, Events und Anschaffungen, die die Ziele des Vereins verfolgen. Schreiben Sie uns eine Mail an <a href=\"mailto:foerderverein@hafenschule-of.de\">foerderverein@hafenschule-of.de<\/a> , eine <\/span><span style=\"font-size: 18px;\">Nachricht \u00fcber schul.cloud oder sprechen Sie uns direkt an &#8211; wir freuen uns!<\/span><\/p>\n<p style=\"text-align: left;\"><span style=\"font-size: 18px;\">Christine Gr\u00fcndler<\/span><\/p>\n<p style=\"text-align: left;\"><span style=\"font-size: 18px;\">Vorstandsvorsitzende<\/span><\/p>\n<p>&nbsp;<\/p>\nngg_shortcode_0_placeholder\n<p>Hier finden Sie das&nbsp;<a href=\"https:\/\/hfs.schulen-offenbach.de\/cms\/wp-content\/uploads\/2024\/01\/Hafenschule-Foerderverein-Beitrittserklaerung-NEU-Stand-05.2022.pdf\" target=\"_blank\" rel=\"noopener\">Formular<\/a> zur Mitgliedschaft im F\u00f6rderverein.<\/p>\n<p>&nbsp;<\/p>\n","protected":false},"excerpt":{"rendered":"<p>Der F\u00f6rderverein stellt sich vor Der F\u00f6rderverein der Hafenschule ist ein gemeinn\u00fctziger Verein, der mit ehrenamtlichem Engagement und finanziellen Mitteln das gemeinsame Lernen und Zusammenleben an der Hafenschule unterst\u00fctzt. Die Schule ist f\u00fcr Kinder Mittelpunkt ihres t\u00e4glichen Lernens, Spielens und Zusammenseins. Hier schlie\u00dfen sie Freundschaften, lernen Konflikte zu bew\u00e4ltigen und unterschiedliche Meinungen zu tolerieren: Sie lernen f\u00fcr das Leben. Durch bereitgestellte Spenden k\u00f6nnen moderne Ger\u00e4te und interessantes Unterrichtsmaterial angeschafft werden, die die Umgebung motivierender gestalten&nbsp;und erfolgreiches Lernen erleichtern. Zusch\u00fcsse f\u00fcr Klassenfahrten und zu Projekten erm\u00f6glichen allen Kindern die Teilhabe. Das st\u00e4rkt die Klassenverb\u00e4nde und den Zusammenhalt und f\u00f6rdert ein wertsch\u00e4tzendes und respektvolles Miteinander. Mit Ihrer Unterst\u00fctzung k\u00f6nnen Sie einen wichtigen Beitrag zur Verbesserung des Schulalltags an der Hafenschule leisten und aktiv zu mehr Bildungsgerechtigkeit und Chancengleichheit beitragen! Neben den Spenden sind wir nat\u00fcrlich auch auf tatkr\u00e4ftige Unterst\u00fctzung angewiesen. Wir sind jederzeit dankbar f\u00fcr Anregungen und Eigeninitiativen unserer Mitglieder f\u00fcr weitere Projekte, Events und Anschaffungen, die die Ziele des Vereins verfolgen. Schreiben Sie uns eine Mail an foerderverein@hafenschule-of.de , eine Nachricht \u00fcber schul.cloud oder sprechen Sie uns direkt an &#8211; wir freuen uns! Christine Gr\u00fcndler Vorstandsvorsitzende &nbsp; &nbsp; Hier finden Sie das&nbsp;Formular zur Mitgliedschaft im F\u00f6rderverein. &nbsp;<\/p>\n","protected":false},"author":3,"featured_media":0,"parent":0,"menu_order":0,"comment_status":"closed","ping_status":"closed","template":"","meta":{"_uag_custom_page_level_css":"","ngg_post_thumbnail":0,"footnotes":""},"class_list":["post-170","page","type-page","status-publish","hentry"],"uagb_featured_image_src":{"full":false,"thumbnail":false,"medium":false,"medium_large":false,"large":false,"1536x1536":false,"2048x2048":false,"ashe-slider-full-thumbnail":false,"ashe-full-thumbnail":false,"ashe-list-thumbnail":false,"ashe-grid-thumbnail":false,"ashe-single-navigation":false},"uagb_author_info":{"display_name":"Hafenschule Offenbach","author_link":"https:\/\/hfs.schulen-offenbach.de\/cms\/author\/hfsof\/"},"uagb_comment_info":0,"uagb_excerpt":"Der F\u00f6rderverein stellt sich vor Der F\u00f6rderverein der Hafenschule ist ein gemeinn\u00fctziger Verein, der mit ehrenamtlichem Engagement und finanziellen Mitteln das gemeinsame Lernen und Zusammenleben an der Hafenschule unterst\u00fctzt. Die Schule ist f\u00fcr Kinder Mittelpunkt ihres t\u00e4glichen Lernens, Spielens und Zusammenseins. Hier schlie\u00dfen sie Freundschaften, lernen Konflikte zu bew\u00e4ltigen und unterschiedliche Meinungen zu tolerieren: Sie&hellip;","_links":{"self":[{"href":"https:\/\/hfs.schulen-offenbach.de\/cms\/wp-json\/wp\/v2\/pages\/170","targetHints":{"allow":["GET"]}}],"collection":[{"href":"https:\/\/hfs.schulen-offenbach.de\/cms\/wp-json\/wp\/v2\/pages"}],"about":[{"href":"https:\/\/hfs.schulen-offenbach.de\/cms\/wp-json\/wp\/v2\/types\/page"}],"author":[{"embeddable":true,"href":"https:\/\/hfs.schulen-offenbach.de\/cms\/wp-json\/wp\/v2\/users\/3"}],"replies":[{"embeddable":true,"href":"https:\/\/hfs.schulen-offenbach.de\/cms\/wp-json\/wp\/v2\/comments?post=170"}],"version-history":[{"count":71,"href":"https:\/\/hfs.schulen-offenbach.de\/cms\/wp-json\/wp\/v2\/pages\/170\/revisions"}],"predecessor-version":[{"id":3288,"href":"https:\/\/hfs.schulen-offenbach.de\/cms\/wp-json\/wp\/v2\/pages\/170\/revisions\/3288"}],"wp:attachment":[{"href":"https:\/\/hfs.schulen-offenbach.de\/cms\/wp-json\/wp\/v2\/media?parent=170"}],"curies":[{"name":"wp","href":"https:\/\/api.w.org\/{rel}","templated":true}]}}