{"id":2293,"date":"2021-02-14T20:00:37","date_gmt":"2021-02-14T19:00:37","guid":{"rendered":"https:\/\/hfs.schulen-offenbach.de\/cms\/?page_id=2293"},"modified":"2021-11-30T22:54:50","modified_gmt":"2021-11-30T21:54:50","slug":"fotos-2021","status":"publish","type":"page","link":"https:\/\/hfs.schulen-offenbach.de\/cms\/bildergalerie\/fotos-2021\/","title":{"rendered":"2021"},"content":{"rendered":"\n<h4 class=\"wp-block-heading\">Pr\u00e4nummerischer Unterricht in der Vorklasse<\/h4>\n\n\n\nngg_shortcode_0_placeholder\n\n\n\n<h4 class=\"wp-block-heading\">Lebt wohl Abschlussklasse 2021<\/h4>\n\n\n\nngg_shortcode_1_placeholder\n\n\n\n<h4 class=\"wp-block-heading\">Jugend trainiert f\u00fcr Olympia<\/h4>\n\n\n\nngg_shortcode_2_placeholder\n\n\n\n<h4 id=\"weihnachtsbeakerei\">In der Weihnachtsb\u00e4ckerei<\/h4>\n\n\n\nngg_shortcode_3_placeholder\n","protected":false},"excerpt":{"rendered":"<p>Pr\u00e4nummerischer Unterricht in der Vorklasse Lebt wohl Abschlussklasse 2021 Jugend trainiert f\u00fcr Olympia In der Weihnachtsb\u00e4ckerei<\/p>\n","protected":false},"author":7,"featured_media":0,"parent":172,"menu_order":0,"comment_status":"closed","ping_status":"closed","template":"","meta":{"_uag_custom_page_level_css":"","ngg_post_thumbnail":0,"footnotes":""},"class_list":["post-2293","page","type-page","status-publish","hentry"],"uagb_featured_image_src":{"full":false,"thumbnail":false,"medium":false,"medium_large":false,"large":false,"1536x1536":false,"2048x2048":false,"ashe-slider-full-thumbnail":false,"ashe-full-thumbnail":false,"ashe-list-thumbnail":false,"ashe-grid-thumbnail":false,"ashe-single-navigation":false},"uagb_author_info":{"display_name":"Maria Frost","author_link":"https:\/\/hfs.schulen-offenbach.de\/cms\/author\/frost\/"},"uagb_comment_info":0,"uagb_excerpt":"Pr\u00e4nummerischer Unterricht in der Vorklasse Lebt wohl Abschlussklasse 2021 Jugend trainiert f\u00fcr Olympia In der Weihnachtsb\u00e4ckerei","_links":{"self":[{"href":"https:\/\/hfs.schulen-offenbach.de\/cms\/wp-json\/wp\/v2\/pages\/2293","targetHints":{"allow":["GET"]}}],"collection":[{"href":"https:\/\/hfs.schulen-offenbach.de\/cms\/wp-json\/wp\/v2\/pages"}],"about":[{"href":"https:\/\/hfs.schulen-offenbach.de\/cms\/wp-json\/wp\/v2\/types\/page"}],"author":[{"embeddable":true,"href":"https:\/\/hfs.schulen-offenbach.de\/cms\/wp-json\/wp\/v2\/users\/7"}],"replies":[{"embeddable":true,"href":"https:\/\/hfs.schulen-offenbach.de\/cms\/wp-json\/wp\/v2\/comments?post=2293"}],"version-history":[{"count":10,"href":"https:\/\/hfs.schulen-offenbach.de\/cms\/wp-json\/wp\/v2\/pages\/2293\/revisions"}],"predecessor-version":[{"id":2556,"href":"https:\/\/hfs.schulen-offenbach.de\/cms\/wp-json\/wp\/v2\/pages\/2293\/revisions\/2556"}],"up":[{"embeddable":true,"href":"https:\/\/hfs.schulen-offenbach.de\/cms\/wp-json\/wp\/v2\/pages\/172"}],"wp:attachment":[{"href":"https:\/\/hfs.schulen-offenbach.de\/cms\/wp-json\/wp\/v2\/media?parent=2293"}],"curies":[{"name":"wp","href":"https:\/\/api.w.org\/{rel}","templated":true}]}}