{"id":2706,"date":"2022-08-16T21:41:26","date_gmt":"2022-08-16T19:41:26","guid":{"rendered":"https:\/\/hfs.schulen-offenbach.de\/cms\/?page_id=2706"},"modified":"2026-04-15T13:28:51","modified_gmt":"2026-04-15T11:28:51","slug":"startseite","status":"publish","type":"page","link":"https:\/\/hfs.schulen-offenbach.de\/cms\/","title":{"rendered":"Herzlich Willkommen!"},"content":{"rendered":"<p style=\"text-align: center;\"><span style=\"font-size: 20px;\">Willkommen in der Hafenschule in Offenbach\/Main.<\/span><\/p>\n<p style=\"text-align: center;\"><span style=\"font-size: 18px;\">Unsere vierz\u00fcgige Grundschule mit Vorklasse und Intensivklasse liegt direkt am Main mit Blick auf den Blauen Kran.<\/span><\/p>\n<p style=\"text-align: center;\">\u2014\u2014\u2014\u2014\u2014\u2014\u2014\u2014\u2014\u2014\u2014\u2014\u2014\u2014\u2014\u2014\u2014\u2014\u2014\u2014\u2014\u2014\u2014\u2014\u2014\u2014\u2014\u2014\u2014<\/p>\n<p style=\"text-align: center;\">&nbsp;<\/p>\n<p style=\"text-align: center;\"><span style=\"font-size: 18px;\">Seit einem Jahr haben wir den Verein Brotzeit bei uns im Haus.<a href=\"https:\/\/hfs.schulen-offenbach.de\/cms\/wp-content\/uploads\/2025\/02\/logo_color_fb-e1739557745871.png\"><img loading=\"lazy\" decoding=\"async\" class=\"size-full wp-image-3226 aligncenter\" src=\"https:\/\/hfs.schulen-offenbach.de\/cms\/wp-content\/uploads\/2025\/02\/logo_color_fb-e1739557745871.png\" alt=\"\" width=\"292\" height=\"124\"><\/a><\/span><span style=\"font-size: 18px;\">Durch Brotzeit wird jedem Kind ein kostenfreies Fr\u00fchst\u00fcck vor dem Unterricht erm\u00f6glicht. Ziel dieses Angebots ist es, jedem Kind die M\u00f6glichkeit zu geben, sich gesund und ausgewogen zu ern\u00e4hren, um gest\u00e4rkt in den Schultag zu starten.<\/span><\/p>\n<p style=\"text-align: center;\"><span style=\"font-size: 18px;\">Aktuell nehmen jedoch nur wenige Kinder an diesem Fr\u00fchst\u00fcck teil. Wir m\u00f6chten alle Eltern und Kinder ermutigen, von diesem Angebot Gebrauch zu machen. Ein gemeinsames Fr\u00fchst\u00fcck f\u00f6rdert nicht nur die Gesundheit, sondern auch das Miteinander und die Gemeinschaft unter den Sch\u00fclerinnen und Sch\u00fclern.<\/span><\/p>\n<p style=\"text-align: center;\"><span style=\"font-size: 18px;\">Alle Kinder k\u00f6nnen bereits um 07:30 Uhr zum Fr\u00fchst\u00fcck in die Cafeteria kommen.<\/span><\/p>\n<p style=\"text-align: center;\">\u2014\u2014\u2014\u2014\u2014\u2014\u2014\u2014\u2014\u2014\u2014\u2014\u2014\u2014\u2014\u2014\u2014\u2014\u2014\u2014\u2014\u2014\u2014\u2014\u2014\u2014\u2014\u2014\u2014<\/p>\n<p style=\"text-align: left;\">Termine entnehmen Sie bitte unter <a href=\"https:\/\/hfs.schulen-offenbach.de\/cms\/termine\/\">Termine<\/a>.<\/p>\n<p>Alle aktuellen Beitr\u00e4ge finden Sie unter <a href=\"https:\/\/hfs.schulen-offenbach.de\/cms\/news-2\/\">Aktuelles<\/a>.<\/p>\n<p>&nbsp;<\/p>\n","protected":false},"excerpt":{"rendered":"<p>Willkommen in der Hafenschule in Offenbach\/Main. Unsere vierz\u00fcgige Grundschule mit Vorklasse und Intensivklasse liegt direkt am Main mit Blick auf den Blauen Kran. \u2014\u2014\u2014\u2014\u2014\u2014\u2014\u2014\u2014\u2014\u2014\u2014\u2014\u2014\u2014\u2014\u2014\u2014\u2014\u2014\u2014\u2014\u2014\u2014\u2014\u2014\u2014\u2014\u2014 &nbsp; Seit einem Jahr haben wir den Verein Brotzeit bei uns im Haus.Durch Brotzeit wird jedem Kind ein kostenfreies Fr\u00fchst\u00fcck vor dem Unterricht erm\u00f6glicht. Ziel dieses Angebots ist es, jedem Kind die M\u00f6glichkeit zu geben, sich gesund und ausgewogen zu ern\u00e4hren, um gest\u00e4rkt in den Schultag zu starten. Aktuell nehmen jedoch nur wenige Kinder an diesem Fr\u00fchst\u00fcck teil. Wir m\u00f6chten alle Eltern und Kinder ermutigen, von diesem Angebot Gebrauch zu machen. Ein gemeinsames Fr\u00fchst\u00fcck f\u00f6rdert nicht nur die Gesundheit, sondern auch das Miteinander und die Gemeinschaft unter den Sch\u00fclerinnen und Sch\u00fclern. Alle Kinder k\u00f6nnen bereits um 07:30 Uhr zum Fr\u00fchst\u00fcck in die Cafeteria kommen. \u2014\u2014\u2014\u2014\u2014\u2014\u2014\u2014\u2014\u2014\u2014\u2014\u2014\u2014\u2014\u2014\u2014\u2014\u2014\u2014\u2014\u2014\u2014\u2014\u2014\u2014\u2014\u2014\u2014 Termine entnehmen Sie bitte unter Termine. Alle aktuellen Beitr\u00e4ge finden Sie unter Aktuelles. &nbsp;<\/p>\n","protected":false},"author":8,"featured_media":0,"parent":0,"menu_order":0,"comment_status":"closed","ping_status":"closed","template":"","meta":{"_uag_custom_page_level_css":"","ngg_post_thumbnail":0,"footnotes":""},"class_list":["post-2706","page","type-page","status-publish","hentry"],"uagb_featured_image_src":{"full":false,"thumbnail":false,"medium":false,"medium_large":false,"large":false,"1536x1536":false,"2048x2048":false,"ashe-slider-full-thumbnail":false,"ashe-full-thumbnail":false,"ashe-list-thumbnail":false,"ashe-grid-thumbnail":false,"ashe-single-navigation":false},"uagb_author_info":{"display_name":"Anna Oczenaschek","author_link":"https:\/\/hfs.schulen-offenbach.de\/cms\/author\/hfsadmin\/"},"uagb_comment_info":0,"uagb_excerpt":"Willkommen in der Hafenschule in Offenbach\/Main. Unsere vierz\u00fcgige Grundschule mit Vorklasse und Intensivklasse liegt direkt am Main mit Blick auf den Blauen Kran. \u2014\u2014\u2014\u2014\u2014\u2014\u2014\u2014\u2014\u2014\u2014\u2014\u2014\u2014\u2014\u2014\u2014\u2014\u2014\u2014\u2014\u2014\u2014\u2014\u2014\u2014\u2014\u2014\u2014 &nbsp; Seit einem Jahr haben wir den Verein Brotzeit bei uns im Haus.Durch Brotzeit wird jedem Kind ein kostenfreies Fr\u00fchst\u00fcck vor dem Unterricht erm\u00f6glicht. Ziel dieses Angebots ist es, jedem Kind&hellip;","_links":{"self":[{"href":"https:\/\/hfs.schulen-offenbach.de\/cms\/wp-json\/wp\/v2\/pages\/2706","targetHints":{"allow":["GET"]}}],"collection":[{"href":"https:\/\/hfs.schulen-offenbach.de\/cms\/wp-json\/wp\/v2\/pages"}],"about":[{"href":"https:\/\/hfs.schulen-offenbach.de\/cms\/wp-json\/wp\/v2\/types\/page"}],"author":[{"embeddable":true,"href":"https:\/\/hfs.schulen-offenbach.de\/cms\/wp-json\/wp\/v2\/users\/8"}],"replies":[{"embeddable":true,"href":"https:\/\/hfs.schulen-offenbach.de\/cms\/wp-json\/wp\/v2\/comments?post=2706"}],"version-history":[{"count":72,"href":"https:\/\/hfs.schulen-offenbach.de\/cms\/wp-json\/wp\/v2\/pages\/2706\/revisions"}],"predecessor-version":[{"id":3569,"href":"https:\/\/hfs.schulen-offenbach.de\/cms\/wp-json\/wp\/v2\/pages\/2706\/revisions\/3569"}],"wp:attachment":[{"href":"https:\/\/hfs.schulen-offenbach.de\/cms\/wp-json\/wp\/v2\/media?parent=2706"}],"curies":[{"name":"wp","href":"https:\/\/api.w.org\/{rel}","templated":true}]}}