{"id":2788,"date":"2022-08-18T21:08:58","date_gmt":"2022-08-18T19:08:58","guid":{"rendered":"https:\/\/hfs.schulen-offenbach.de\/cms\/?page_id=2788"},"modified":"2025-06-19T16:21:07","modified_gmt":"2025-06-19T14:21:07","slug":"krankmeldung","status":"publish","type":"page","link":"https:\/\/hfs.schulen-offenbach.de\/cms\/krankmeldung\/","title":{"rendered":"Krankmeldung"},"content":{"rendered":"<p>Sollte Ihr Kind krank sein oder aus anderen wichtigen Gr\u00fcnden die Schule nicht besuchen k\u00f6nnen:<\/p>\n<ul>\n<li>Entschuldigen Sie es bitte <strong>telefonisch<\/strong> in der Zeit bis 8:30 Uhr morgens oder per <strong>Email.&nbsp;<\/strong><\/li>\n<li>Sollten Sie niemanden erreichen, sprechen Sie bitte auf den <strong>Anrufbeantworter<\/strong>.<\/li>\n<li>Rufen Sie f\u00fcr die Krankmeldung bitte folgende Nummer an: <strong>069 8065 4101<\/strong><\/li>\n<\/ul>\n<p>Nutzen Sie f\u00fcr die <strong>zus\u00e4tzliche<\/strong> schriftliche Entschuldigung bitte das Sch\u00fcler:innenheft, das Ihr Kind am Anfang des Schuljahres erhalten hat. Dort k\u00f6nnen Sie die Entschuldigung eintragen. Die Lehrkraft Ihres Kindes unterschreibt, wenn das Heft in der Schule vorgezeigt wird.<\/p>\n","protected":false},"excerpt":{"rendered":"<p>Sollte Ihr Kind krank sein oder aus anderen wichtigen Gr\u00fcnden die Schule nicht besuchen k\u00f6nnen: Entschuldigen Sie es bitte telefonisch in der Zeit bis 8:30 Uhr morgens oder per Email.&nbsp; Sollten Sie niemanden erreichen, sprechen Sie bitte auf den Anrufbeantworter. Rufen Sie f\u00fcr die Krankmeldung bitte folgende Nummer an: 069 8065 4101 Nutzen Sie f\u00fcr die zus\u00e4tzliche schriftliche Entschuldigung bitte das Sch\u00fcler:innenheft, das Ihr Kind am Anfang des Schuljahres erhalten hat. Dort k\u00f6nnen Sie die Entschuldigung eintragen. Die Lehrkraft Ihres Kindes unterschreibt, wenn das Heft in der Schule vorgezeigt wird.<\/p>\n","protected":false},"author":8,"featured_media":0,"parent":0,"menu_order":0,"comment_status":"closed","ping_status":"closed","template":"","meta":{"_uag_custom_page_level_css":"","ngg_post_thumbnail":0,"footnotes":""},"class_list":["post-2788","page","type-page","status-publish","hentry"],"uagb_featured_image_src":{"full":false,"thumbnail":false,"medium":false,"medium_large":false,"large":false,"1536x1536":false,"2048x2048":false,"ashe-slider-full-thumbnail":false,"ashe-full-thumbnail":false,"ashe-list-thumbnail":false,"ashe-grid-thumbnail":false,"ashe-single-navigation":false},"uagb_author_info":{"display_name":"Anna Oczenaschek","author_link":"https:\/\/hfs.schulen-offenbach.de\/cms\/author\/hfsadmin\/"},"uagb_comment_info":0,"uagb_excerpt":"Sollte Ihr Kind krank sein oder aus anderen wichtigen Gr\u00fcnden die Schule nicht besuchen k\u00f6nnen: Entschuldigen Sie es bitte telefonisch in der Zeit bis 8:30 Uhr morgens oder per Email.&nbsp; Sollten Sie niemanden erreichen, sprechen Sie bitte auf den Anrufbeantworter. Rufen Sie f\u00fcr die Krankmeldung bitte folgende Nummer an: 069 8065 4101 Nutzen Sie f\u00fcr&hellip;","_links":{"self":[{"href":"https:\/\/hfs.schulen-offenbach.de\/cms\/wp-json\/wp\/v2\/pages\/2788","targetHints":{"allow":["GET"]}}],"collection":[{"href":"https:\/\/hfs.schulen-offenbach.de\/cms\/wp-json\/wp\/v2\/pages"}],"about":[{"href":"https:\/\/hfs.schulen-offenbach.de\/cms\/wp-json\/wp\/v2\/types\/page"}],"author":[{"embeddable":true,"href":"https:\/\/hfs.schulen-offenbach.de\/cms\/wp-json\/wp\/v2\/users\/8"}],"replies":[{"embeddable":true,"href":"https:\/\/hfs.schulen-offenbach.de\/cms\/wp-json\/wp\/v2\/comments?post=2788"}],"version-history":[{"count":10,"href":"https:\/\/hfs.schulen-offenbach.de\/cms\/wp-json\/wp\/v2\/pages\/2788\/revisions"}],"predecessor-version":[{"id":3269,"href":"https:\/\/hfs.schulen-offenbach.de\/cms\/wp-json\/wp\/v2\/pages\/2788\/revisions\/3269"}],"wp:attachment":[{"href":"https:\/\/hfs.schulen-offenbach.de\/cms\/wp-json\/wp\/v2\/media?parent=2788"}],"curies":[{"name":"wp","href":"https:\/\/api.w.org\/{rel}","templated":true}]}}