{"id":2947,"date":"2023-05-21T18:19:46","date_gmt":"2023-05-21T16:19:46","guid":{"rendered":"https:\/\/hfs.schulen-offenbach.de\/cms\/?page_id=2947"},"modified":"2024-12-15T17:31:41","modified_gmt":"2024-12-15T16:31:41","slug":"hafenschultreff","status":"publish","type":"page","link":"https:\/\/hfs.schulen-offenbach.de\/cms\/klassenprojekte\/hafenschultreff\/","title":{"rendered":"Hafenschultreff"},"content":{"rendered":"<p><strong>Der Hafenschultreff \u2013 Das Kinderparlament der Hafenschule<\/strong><\/p>\n<p>Der Hafenschultreff ist ein zentraler Bestandteil des Schullebens an der Hafenschule. Als Kinderparlament bietet er den Sch\u00fclerinnen und Sch\u00fclern die M\u00f6glichkeit, aktiv an der Gestaltung des Schulalltags mitzuwirken. Hier k\u00f6nnen sie ihre Anliegen, W\u00fcnsche und Ideen einbringen und gemeinsam L\u00f6sungen erarbeiten.<br \/>\nIm Hafenschultreff lernen die Kinder demokratische Grundwerte kennen, \u00fcben konstruktive Konfliktl\u00f6sungen und st\u00e4rken ihr Selbstbewusstsein. Durch die Mitbestimmung entwickeln sie ein Gef\u00fchl von Verantwortung und Zugeh\u00f6rigkeit, was die Schulgemeinschaft nachhaltig bereichert.<br \/>\nAb der zweiten Klasse entsenden alle Klassen ihre gew\u00e4hlten Delegierten. Gemeinsam gestalten wir eine Schule, in der jede Stimme z\u00e4hlt!<\/p>\n","protected":false},"excerpt":{"rendered":"<p>Der Hafenschultreff \u2013 Das Kinderparlament der Hafenschule Der Hafenschultreff ist ein zentraler Bestandteil des Schullebens an der Hafenschule. Als Kinderparlament bietet er den Sch\u00fclerinnen und Sch\u00fclern die M\u00f6glichkeit, aktiv an der Gestaltung des Schulalltags mitzuwirken. Hier k\u00f6nnen sie ihre Anliegen, W\u00fcnsche und Ideen einbringen und gemeinsam L\u00f6sungen erarbeiten. Im Hafenschultreff lernen die Kinder demokratische Grundwerte kennen, \u00fcben konstruktive Konfliktl\u00f6sungen und st\u00e4rken ihr Selbstbewusstsein. Durch die Mitbestimmung entwickeln sie ein Gef\u00fchl von Verantwortung und Zugeh\u00f6rigkeit, was die Schulgemeinschaft nachhaltig bereichert. Ab der zweiten Klasse entsenden alle Klassen ihre gew\u00e4hlten Delegierten. Gemeinsam gestalten wir eine Schule, in der jede Stimme z\u00e4hlt!<\/p>\n","protected":false},"author":9,"featured_media":0,"parent":2911,"menu_order":0,"comment_status":"closed","ping_status":"closed","template":"","meta":{"_uag_custom_page_level_css":"","ngg_post_thumbnail":0,"footnotes":""},"class_list":["post-2947","page","type-page","status-publish","hentry"],"uagb_featured_image_src":{"full":false,"thumbnail":false,"medium":false,"medium_large":false,"large":false,"1536x1536":false,"2048x2048":false,"ashe-slider-full-thumbnail":false,"ashe-full-thumbnail":false,"ashe-list-thumbnail":false,"ashe-grid-thumbnail":false,"ashe-single-navigation":false},"uagb_author_info":{"display_name":"Beatrice B\u00f6ings","author_link":"https:\/\/hfs.schulen-offenbach.de\/cms\/author\/hfs_boeings\/"},"uagb_comment_info":0,"uagb_excerpt":"Der Hafenschultreff \u2013 Das Kinderparlament der Hafenschule Der Hafenschultreff ist ein zentraler Bestandteil des Schullebens an der Hafenschule. Als Kinderparlament bietet er den Sch\u00fclerinnen und Sch\u00fclern die M\u00f6glichkeit, aktiv an der Gestaltung des Schulalltags mitzuwirken. Hier k\u00f6nnen sie ihre Anliegen, W\u00fcnsche und Ideen einbringen und gemeinsam L\u00f6sungen erarbeiten. Im Hafenschultreff lernen die Kinder demokratische Grundwerte&hellip;","_links":{"self":[{"href":"https:\/\/hfs.schulen-offenbach.de\/cms\/wp-json\/wp\/v2\/pages\/2947","targetHints":{"allow":["GET"]}}],"collection":[{"href":"https:\/\/hfs.schulen-offenbach.de\/cms\/wp-json\/wp\/v2\/pages"}],"about":[{"href":"https:\/\/hfs.schulen-offenbach.de\/cms\/wp-json\/wp\/v2\/types\/page"}],"author":[{"embeddable":true,"href":"https:\/\/hfs.schulen-offenbach.de\/cms\/wp-json\/wp\/v2\/users\/9"}],"replies":[{"embeddable":true,"href":"https:\/\/hfs.schulen-offenbach.de\/cms\/wp-json\/wp\/v2\/comments?post=2947"}],"version-history":[{"count":3,"href":"https:\/\/hfs.schulen-offenbach.de\/cms\/wp-json\/wp\/v2\/pages\/2947\/revisions"}],"predecessor-version":[{"id":3149,"href":"https:\/\/hfs.schulen-offenbach.de\/cms\/wp-json\/wp\/v2\/pages\/2947\/revisions\/3149"}],"up":[{"embeddable":true,"href":"https:\/\/hfs.schulen-offenbach.de\/cms\/wp-json\/wp\/v2\/pages\/2911"}],"wp:attachment":[{"href":"https:\/\/hfs.schulen-offenbach.de\/cms\/wp-json\/wp\/v2\/media?parent=2947"}],"curies":[{"name":"wp","href":"https:\/\/api.w.org\/{rel}","templated":true}]}}