{"id":3164,"date":"2025-01-23T19:49:06","date_gmt":"2025-01-23T18:49:06","guid":{"rendered":"https:\/\/hfs.schulen-offenbach.de\/cms\/?page_id=3164"},"modified":"2025-01-23T19:50:05","modified_gmt":"2025-01-23T18:50:05","slug":"tag-der-offenen-klassentuer","status":"publish","type":"page","link":"https:\/\/hfs.schulen-offenbach.de\/cms\/klassenprojekte\/tag-der-offenen-klassentuer\/","title":{"rendered":"Tag der offenen Klassent\u00fcr"},"content":{"rendered":"<p>Die Kinder des Hafenschultreffs traten mit einem langersehnten Wunsch an das Kollegium. Sie wollten sehr gerne wieder einen Tag der offenen Klassent\u00fcr haben. Kurz vor Weihnachten war es soweit. Am 18.12.2024 \u00f6ffnete jede Klassenlehrkraft ihren Raum. Die Kinder konnten zwischen kreativen, sportlichen, k\u00fcnstlerischen, spielerischen, knobelnden Angeboten w\u00e4hlen.<\/p>\nngg_shortcode_0_placeholder\n","protected":false},"excerpt":{"rendered":"<p>Die Kinder des Hafenschultreffs traten mit einem langersehnten Wunsch an das Kollegium. Sie wollten sehr gerne wieder einen Tag der offenen Klassent\u00fcr haben. Kurz vor Weihnachten war es soweit. Am 18.12.2024 \u00f6ffnete jede Klassenlehrkraft ihren Raum. Die Kinder konnten zwischen kreativen, sportlichen, k\u00fcnstlerischen, spielerischen, knobelnden Angeboten w\u00e4hlen.<\/p>\n","protected":false},"author":9,"featured_media":0,"parent":2911,"menu_order":0,"comment_status":"closed","ping_status":"closed","template":"","meta":{"_uag_custom_page_level_css":"","ngg_post_thumbnail":0,"footnotes":""},"class_list":["post-3164","page","type-page","status-publish","hentry"],"uagb_featured_image_src":{"full":false,"thumbnail":false,"medium":false,"medium_large":false,"large":false,"1536x1536":false,"2048x2048":false,"ashe-slider-full-thumbnail":false,"ashe-full-thumbnail":false,"ashe-list-thumbnail":false,"ashe-grid-thumbnail":false,"ashe-single-navigation":false},"uagb_author_info":{"display_name":"Beatrice B\u00f6ings","author_link":"https:\/\/hfs.schulen-offenbach.de\/cms\/author\/hfs_boeings\/"},"uagb_comment_info":0,"uagb_excerpt":"Die Kinder des Hafenschultreffs traten mit einem langersehnten Wunsch an das Kollegium. Sie wollten sehr gerne wieder einen Tag der offenen Klassent\u00fcr haben. Kurz vor Weihnachten war es soweit. Am 18.12.2024 \u00f6ffnete jede Klassenlehrkraft ihren Raum. Die Kinder konnten zwischen kreativen, sportlichen, k\u00fcnstlerischen, spielerischen, knobelnden Angeboten w\u00e4hlen.","_links":{"self":[{"href":"https:\/\/hfs.schulen-offenbach.de\/cms\/wp-json\/wp\/v2\/pages\/3164","targetHints":{"allow":["GET"]}}],"collection":[{"href":"https:\/\/hfs.schulen-offenbach.de\/cms\/wp-json\/wp\/v2\/pages"}],"about":[{"href":"https:\/\/hfs.schulen-offenbach.de\/cms\/wp-json\/wp\/v2\/types\/page"}],"author":[{"embeddable":true,"href":"https:\/\/hfs.schulen-offenbach.de\/cms\/wp-json\/wp\/v2\/users\/9"}],"replies":[{"embeddable":true,"href":"https:\/\/hfs.schulen-offenbach.de\/cms\/wp-json\/wp\/v2\/comments?post=3164"}],"version-history":[{"count":4,"href":"https:\/\/hfs.schulen-offenbach.de\/cms\/wp-json\/wp\/v2\/pages\/3164\/revisions"}],"predecessor-version":[{"id":3186,"href":"https:\/\/hfs.schulen-offenbach.de\/cms\/wp-json\/wp\/v2\/pages\/3164\/revisions\/3186"}],"up":[{"embeddable":true,"href":"https:\/\/hfs.schulen-offenbach.de\/cms\/wp-json\/wp\/v2\/pages\/2911"}],"wp:attachment":[{"href":"https:\/\/hfs.schulen-offenbach.de\/cms\/wp-json\/wp\/v2\/media?parent=3164"}],"curies":[{"name":"wp","href":"https:\/\/api.w.org\/{rel}","templated":true}]}}