{"id":3387,"date":"2025-10-10T12:48:43","date_gmt":"2025-10-10T10:48:43","guid":{"rendered":"https:\/\/hfs.schulen-offenbach.de\/cms\/?page_id=3387"},"modified":"2025-10-10T13:08:15","modified_gmt":"2025-10-10T11:08:15","slug":"schutzkonzept","status":"publish","type":"page","link":"https:\/\/hfs.schulen-offenbach.de\/cms\/schulkonzept\/schutzkonzept\/","title":{"rendered":"Schutzkonzept"},"content":{"rendered":"<p class=\"p1\">Das Wohl und die Sicherheit der Kinder stehen an der Hafenschule an erster Stelle. Jedes Kind hat das Recht, sich in einer Umgebung zu entwickeln, in der es sich sicher und respektiert f\u00fchlt. Leider gibt es in der Gesellschaft immer wieder verschiedene Formen von Gewalt, die Kindern und Jugendlichen widerfahren k\u00f6nnen. Diese Gewalt darf an keiner Stelle toleriert werden.<\/p>\n<p><a href=\"https:\/\/hfs.schulen-offenbach.de\/cms\/wp-content\/uploads\/2025\/10\/Schutzkonzept-Hafenschule-Stand-06.2025.pdf\">Schutzkonzept Hafenschule<\/a><\/p>\n<p class=\"p1\">Mit diesem Schutzkonzept wollen wir sicherstellen, dass alle Sch\u00fclerinnen und Sch\u00fcler in unserer Schule vor jeder Art von Gewalt gesch\u00fctzt sind. Wir haben Ma\u00dfnahmen entwickelt, die sowohl pr\u00e4ventiv wirken als auch auf den Umgang mit Vorf\u00e4llen vorbereitet sind, sollte es zu solchen kommen. Es ist uns ein besonderes Anliegen, dass die Kinder \u00fcber ihre Rechte informiert werden, dass ein respektvolles Miteinander gef\u00f6rdert wird und dass die Schul- und Erziehungspartnerschaft alle Beteiligten in die Verantwortung nimmt.<\/p>\n<p class=\"p1\">Dieses Schutzkonzept ist ein lebendiges Dokument, das regelm\u00e4\u00dfig \u00fcberpr\u00fcft und weiterentwickelt wird. Es umfasst nicht nur konkrete Handlungsstrategien, sondern auch die F\u00f6rderung von sozialer und emotionaler Kompetenz, um ein gutes und sicheres Miteinander zu er-m\u00f6glichen. Die Zusammenarbeit mit den Eltern, der Schulsozialarbeit, der Polizei und anderen Fachkr\u00e4ften ist dabei unerl\u00e4sslich, um jedes Kind bestm\u00f6glich zu unterst\u00fctzen und zu sch\u00fctzen.<\/p>\n<p class=\"p1\">Wir sind \u00fcberzeugt, dass wir nur gemeinsam eine Umgebung schaffen k\u00f6nnen, in der jedes Kind die Chance hat, sich zu entfalten und in einem sicheren Rahmen zu lernen und zu wachsen.<\/p>\n","protected":false},"excerpt":{"rendered":"<p>Das Wohl und die Sicherheit der Kinder stehen an der Hafenschule an erster Stelle. Jedes Kind hat das Recht, sich in einer Umgebung zu entwickeln, in der es sich sicher und respektiert f\u00fchlt. Leider gibt es in der Gesellschaft immer wieder verschiedene Formen von Gewalt, die Kindern und Jugendlichen widerfahren k\u00f6nnen. Diese Gewalt darf an keiner Stelle toleriert werden. Schutzkonzept Hafenschule Mit diesem Schutzkonzept wollen wir sicherstellen, dass alle Sch\u00fclerinnen und Sch\u00fcler in unserer Schule vor jeder Art von Gewalt gesch\u00fctzt sind. Wir haben Ma\u00dfnahmen entwickelt, die sowohl pr\u00e4ventiv wirken als auch auf den Umgang mit Vorf\u00e4llen vorbereitet sind, sollte es zu solchen kommen. Es ist uns ein besonderes Anliegen, dass die Kinder \u00fcber ihre Rechte informiert werden, dass ein respektvolles Miteinander gef\u00f6rdert wird und dass die Schul- und Erziehungspartnerschaft alle Beteiligten in die Verantwortung nimmt. Dieses Schutzkonzept ist ein lebendiges Dokument, das regelm\u00e4\u00dfig \u00fcberpr\u00fcft und weiterentwickelt wird. Es umfasst nicht nur konkrete Handlungsstrategien, sondern auch die F\u00f6rderung von sozialer und emotionaler Kompetenz, um ein gutes und sicheres Miteinander zu er-m\u00f6glichen. Die Zusammenarbeit mit den Eltern, der Schulsozialarbeit, der Polizei und anderen Fachkr\u00e4ften ist dabei unerl\u00e4sslich, um jedes Kind bestm\u00f6glich zu unterst\u00fctzen und zu sch\u00fctzen. Wir sind \u00fcberzeugt, dass wir nur gemeinsam eine Umgebung schaffen k\u00f6nnen, in der jedes Kind die Chance hat, sich zu entfalten und in einem sicheren Rahmen zu lernen und zu wachsen.<\/p>\n","protected":false},"author":11,"featured_media":0,"parent":155,"menu_order":0,"comment_status":"closed","ping_status":"closed","template":"","meta":{"_uag_custom_page_level_css":"","ngg_post_thumbnail":0,"footnotes":""},"class_list":["post-3387","page","type-page","status-publish","hentry"],"uagb_featured_image_src":{"full":false,"thumbnail":false,"medium":false,"medium_large":false,"large":false,"1536x1536":false,"2048x2048":false,"ashe-slider-full-thumbnail":false,"ashe-full-thumbnail":false,"ashe-list-thumbnail":false,"ashe-grid-thumbnail":false,"ashe-single-navigation":false},"uagb_author_info":{"display_name":"Esra Tasdirek","author_link":"https:\/\/hfs.schulen-offenbach.de\/cms\/author\/hfs_tasdirek\/"},"uagb_comment_info":0,"uagb_excerpt":"Das Wohl und die Sicherheit der Kinder stehen an der Hafenschule an erster Stelle. Jedes Kind hat das Recht, sich in einer Umgebung zu entwickeln, in der es sich sicher und respektiert f\u00fchlt. Leider gibt es in der Gesellschaft immer wieder verschiedene Formen von Gewalt, die Kindern und Jugendlichen widerfahren k\u00f6nnen. Diese Gewalt darf an&hellip;","_links":{"self":[{"href":"https:\/\/hfs.schulen-offenbach.de\/cms\/wp-json\/wp\/v2\/pages\/3387","targetHints":{"allow":["GET"]}}],"collection":[{"href":"https:\/\/hfs.schulen-offenbach.de\/cms\/wp-json\/wp\/v2\/pages"}],"about":[{"href":"https:\/\/hfs.schulen-offenbach.de\/cms\/wp-json\/wp\/v2\/types\/page"}],"author":[{"embeddable":true,"href":"https:\/\/hfs.schulen-offenbach.de\/cms\/wp-json\/wp\/v2\/users\/11"}],"replies":[{"embeddable":true,"href":"https:\/\/hfs.schulen-offenbach.de\/cms\/wp-json\/wp\/v2\/comments?post=3387"}],"version-history":[{"count":4,"href":"https:\/\/hfs.schulen-offenbach.de\/cms\/wp-json\/wp\/v2\/pages\/3387\/revisions"}],"predecessor-version":[{"id":3421,"href":"https:\/\/hfs.schulen-offenbach.de\/cms\/wp-json\/wp\/v2\/pages\/3387\/revisions\/3421"}],"up":[{"embeddable":true,"href":"https:\/\/hfs.schulen-offenbach.de\/cms\/wp-json\/wp\/v2\/pages\/155"}],"wp:attachment":[{"href":"https:\/\/hfs.schulen-offenbach.de\/cms\/wp-json\/wp\/v2\/media?parent=3387"}],"curies":[{"name":"wp","href":"https:\/\/api.w.org\/{rel}","templated":true}]}}