{"id":3422,"date":"2025-10-10T13:10:10","date_gmt":"2025-10-10T11:10:10","guid":{"rendered":"https:\/\/hfs.schulen-offenbach.de\/cms\/?page_id=3422"},"modified":"2026-01-16T08:02:28","modified_gmt":"2026-01-16T07:02:28","slug":"2025-2","status":"publish","type":"page","link":"https:\/\/hfs.schulen-offenbach.de\/cms\/bildergalerie\/2025-2\/","title":{"rendered":"2025"},"content":{"rendered":"<p>&nbsp;<\/p>\n<p>&nbsp;<\/p>\n<p style=\"text-align: center;\"><strong><span style=\"font-size: 21px;\">Mit Herz und Hand: Sch\u00fclerkunst aus Ton<\/span><\/strong><\/p>\nngg_shortcode_0_placeholder\n<p style=\"text-align: center;\"><span style=\"font-size: 21px;\"><strong>Fl\u00f6\u00dfe bauen&nbsp;<\/strong><\/span><\/p>\nngg_shortcode_1_placeholder\n<p style=\"text-align: center;\"><span style=\"font-size: 21px;\"><strong>Eindr\u00fccke aus dem 4. Jahrgang<\/strong><\/span><\/p>\nngg_shortcode_2_placeholder\n<p style=\"text-align: center;\"><span style=\"font-size: 21px;\"><strong>Werken mit Haselnuss-Ruten<\/strong><\/span><\/p>\nngg_shortcode_3_placeholder\n<p style=\"text-align: center;\"><span style=\"font-size: 21px;\"><strong>Orangen-Halloween-K\u00fcrbis<\/strong><\/span><\/p>\nngg_shortcode_4_placeholder\n<p style=\"text-align: center;\"><span style=\"font-size: 21px;\"><strong>Halloween-Stimmung in der B\u00fccherei<\/strong><\/span><\/p>\nngg_shortcode_5_placeholder\n<p style=\"text-align: center;\">&nbsp;<\/p>\n<p>&nbsp;<\/p>\n<p>&nbsp;<\/p>\n","protected":false},"excerpt":{"rendered":"<p>&nbsp; &nbsp; Mit Herz und Hand: Sch\u00fclerkunst aus Ton &nbsp; Fl\u00f6\u00dfe bauen&nbsp; &nbsp; Eindr\u00fccke aus dem 4. Jahrgang Werken mit Haselnuss-Ruten &nbsp; Orangen-Halloween-K\u00fcrbis &nbsp; Halloween-Stimmung in der B\u00fccherei &nbsp; &nbsp; &nbsp;<\/p>\n","protected":false},"author":11,"featured_media":0,"parent":172,"menu_order":0,"comment_status":"closed","ping_status":"closed","template":"","meta":{"_uag_custom_page_level_css":"","ngg_post_thumbnail":0,"footnotes":""},"class_list":["post-3422","page","type-page","status-publish","hentry"],"uagb_featured_image_src":{"full":false,"thumbnail":false,"medium":false,"medium_large":false,"large":false,"1536x1536":false,"2048x2048":false,"ashe-slider-full-thumbnail":false,"ashe-full-thumbnail":false,"ashe-list-thumbnail":false,"ashe-grid-thumbnail":false,"ashe-single-navigation":false},"uagb_author_info":{"display_name":"Esra Tasdirek","author_link":"https:\/\/hfs.schulen-offenbach.de\/cms\/author\/hfs_tasdirek\/"},"uagb_comment_info":0,"uagb_excerpt":"&nbsp; &nbsp; Mit Herz und Hand: Sch\u00fclerkunst aus Ton &nbsp; Fl\u00f6\u00dfe bauen&nbsp; &nbsp; Eindr\u00fccke aus dem 4. Jahrgang Werken mit Haselnuss-Ruten &nbsp; Orangen-Halloween-K\u00fcrbis &nbsp; Halloween-Stimmung in der B\u00fccherei &nbsp; &nbsp; &nbsp;","_links":{"self":[{"href":"https:\/\/hfs.schulen-offenbach.de\/cms\/wp-json\/wp\/v2\/pages\/3422","targetHints":{"allow":["GET"]}}],"collection":[{"href":"https:\/\/hfs.schulen-offenbach.de\/cms\/wp-json\/wp\/v2\/pages"}],"about":[{"href":"https:\/\/hfs.schulen-offenbach.de\/cms\/wp-json\/wp\/v2\/types\/page"}],"author":[{"embeddable":true,"href":"https:\/\/hfs.schulen-offenbach.de\/cms\/wp-json\/wp\/v2\/users\/11"}],"replies":[{"embeddable":true,"href":"https:\/\/hfs.schulen-offenbach.de\/cms\/wp-json\/wp\/v2\/comments?post=3422"}],"version-history":[{"count":9,"href":"https:\/\/hfs.schulen-offenbach.de\/cms\/wp-json\/wp\/v2\/pages\/3422\/revisions"}],"predecessor-version":[{"id":3505,"href":"https:\/\/hfs.schulen-offenbach.de\/cms\/wp-json\/wp\/v2\/pages\/3422\/revisions\/3505"}],"up":[{"embeddable":true,"href":"https:\/\/hfs.schulen-offenbach.de\/cms\/wp-json\/wp\/v2\/pages\/172"}],"wp:attachment":[{"href":"https:\/\/hfs.schulen-offenbach.de\/cms\/wp-json\/wp\/v2\/media?parent=3422"}],"curies":[{"name":"wp","href":"https:\/\/api.w.org\/{rel}","templated":true}]}}