{"id":3516,"date":"2026-03-12T10:19:25","date_gmt":"2026-03-12T09:19:25","guid":{"rendered":"https:\/\/hfs.schulen-offenbach.de\/cms\/?page_id=3516"},"modified":"2026-03-12T11:25:22","modified_gmt":"2026-03-12T10:25:22","slug":"schulwegplan","status":"publish","type":"page","link":"https:\/\/hfs.schulen-offenbach.de\/cms\/klassenprojekte\/schulwegplan\/","title":{"rendered":"Schulwegplan"},"content":{"rendered":"<p>Der Schulwegplan zeigt Ihnen den sichersten Weg zur Schule. Er enth\u00e4lt empfohlene Stra\u00dfen und Wege, die f\u00fcr Kinder besonders geeignet sind.<\/p>\n<p><a href=\"https:\/\/hfs.schulen-offenbach.de\/cms\/klassenprojekte\/schulwegplan\/schulwegplan-2\/\" rel=\"attachment wp-att-3533\"><img loading=\"lazy\" decoding=\"async\" class=\"alignnone size-medium wp-image-3533\" src=\"https:\/\/hfs.schulen-offenbach.de\/cms\/wp-content\/uploads\/2026\/03\/Schulwegplan-300x213.png\" alt=\"\" width=\"300\" height=\"213\" srcset=\"https:\/\/hfs.schulen-offenbach.de\/cms\/wp-content\/uploads\/2026\/03\/Schulwegplan-300x213.png 300w, https:\/\/hfs.schulen-offenbach.de\/cms\/wp-content\/uploads\/2026\/03\/Schulwegplan.png 1538w\" sizes=\"auto, (max-width: 300px) 100vw, 300px\" \/><\/a><\/p>\n<p><a href=\"https:\/\/hfs.schulen-offenbach.de\/cms\/klassenprojekte\/schulwegplan\/schulwegplan_hafenschule\/\" rel=\"attachment wp-att-3535\">Schulwegplan_Hafenschule<\/a><\/p>\n","protected":false},"excerpt":{"rendered":"<p>Der Schulwegplan zeigt Ihnen den sichersten Weg zur Schule. Er enth\u00e4lt empfohlene Stra\u00dfen und Wege, die f\u00fcr Kinder besonders geeignet sind. Schulwegplan_Hafenschule<\/p>\n","protected":false},"author":11,"featured_media":0,"parent":2911,"menu_order":0,"comment_status":"closed","ping_status":"closed","template":"","meta":{"_uag_custom_page_level_css":"","ngg_post_thumbnail":0,"footnotes":""},"class_list":["post-3516","page","type-page","status-publish","hentry"],"uagb_featured_image_src":{"full":false,"thumbnail":false,"medium":false,"medium_large":false,"large":false,"1536x1536":false,"2048x2048":false,"ashe-slider-full-thumbnail":false,"ashe-full-thumbnail":false,"ashe-list-thumbnail":false,"ashe-grid-thumbnail":false,"ashe-single-navigation":false},"uagb_author_info":{"display_name":"Esra Tasdirek","author_link":"https:\/\/hfs.schulen-offenbach.de\/cms\/author\/hfs_tasdirek\/"},"uagb_comment_info":0,"uagb_excerpt":"Der Schulwegplan zeigt Ihnen den sichersten Weg zur Schule. Er enth\u00e4lt empfohlene Stra\u00dfen und Wege, die f\u00fcr Kinder besonders geeignet sind. Schulwegplan_Hafenschule","_links":{"self":[{"href":"https:\/\/hfs.schulen-offenbach.de\/cms\/wp-json\/wp\/v2\/pages\/3516","targetHints":{"allow":["GET"]}}],"collection":[{"href":"https:\/\/hfs.schulen-offenbach.de\/cms\/wp-json\/wp\/v2\/pages"}],"about":[{"href":"https:\/\/hfs.schulen-offenbach.de\/cms\/wp-json\/wp\/v2\/types\/page"}],"author":[{"embeddable":true,"href":"https:\/\/hfs.schulen-offenbach.de\/cms\/wp-json\/wp\/v2\/users\/11"}],"replies":[{"embeddable":true,"href":"https:\/\/hfs.schulen-offenbach.de\/cms\/wp-json\/wp\/v2\/comments?post=3516"}],"version-history":[{"count":8,"href":"https:\/\/hfs.schulen-offenbach.de\/cms\/wp-json\/wp\/v2\/pages\/3516\/revisions"}],"predecessor-version":[{"id":3537,"href":"https:\/\/hfs.schulen-offenbach.de\/cms\/wp-json\/wp\/v2\/pages\/3516\/revisions\/3537"}],"up":[{"embeddable":true,"href":"https:\/\/hfs.schulen-offenbach.de\/cms\/wp-json\/wp\/v2\/pages\/2911"}],"wp:attachment":[{"href":"https:\/\/hfs.schulen-offenbach.de\/cms\/wp-json\/wp\/v2\/media?parent=3516"}],"curies":[{"name":"wp","href":"https:\/\/api.w.org\/{rel}","templated":true}]}}