{"id":3553,"date":"2026-03-19T12:54:05","date_gmt":"2026-03-19T11:54:05","guid":{"rendered":"https:\/\/hfs.schulen-offenbach.de\/cms\/?page_id=3553"},"modified":"2026-03-26T12:54:40","modified_gmt":"2026-03-26T11:54:40","slug":"spielepause","status":"publish","type":"page","link":"https:\/\/hfs.schulen-offenbach.de\/cms\/klassenprojekte\/spielepause\/","title":{"rendered":"Spielepause"},"content":{"rendered":"<p class=\"isSelectedEnd\">Nicht alle Kinder m\u00f6chten in den gro\u00dfen Pausen auf den Schulhof gehen, deshalb gibt es an unserer Schule die beliebte Spielepause in der Aula. Hier haben die Sch\u00fclerinnen und Sch\u00fcler die M\u00f6glichkeit, in entspannter Atmosph\u00e4re gemeinsam zu spielen, neue Freundschaften zu kn\u00fcpfen und einfach eine sch\u00f6ne Pause zu verbringen.<\/p>\n<p class=\"isSelectedEnd\">Mit ihrer eigenen Karte k\u00f6nnen sich die Kinder verschiedene Spiele ausleihen. Die Ausleihe wird dabei tatkr\u00e4ftig von den Viertkl\u00e4sslerinnen und Viertkl\u00e4sslern unterst\u00fctzt, die Verantwortung \u00fcbernehmen und ihren Mitsch\u00fclerinnen und Mitsch\u00fclern bei der Auswahl und R\u00fcckgabe der Spiele helfen.<\/p>\n<p class=\"isSelectedEnd\">Die Spielepause ist ein wichtiger Bestandteil unseres Schullebens: Sie f\u00f6rdert das soziale Miteinander, st\u00e4rkt die Selbstst\u00e4ndigkeit der Kinder und bietet eine tolle Alternative zum Toben auf dem Schulhof.<\/p>\n<p>Wir freuen uns, dass dieses Angebot so gut angenommen wird!<\/p>\nngg_shortcode_0_placeholder\n","protected":false},"excerpt":{"rendered":"<p>Nicht alle Kinder m\u00f6chten in den gro\u00dfen Pausen auf den Schulhof gehen, deshalb gibt es an unserer Schule die beliebte Spielepause in der Aula. Hier haben die Sch\u00fclerinnen und Sch\u00fcler die M\u00f6glichkeit, in entspannter Atmosph\u00e4re gemeinsam zu spielen, neue Freundschaften zu kn\u00fcpfen und einfach eine sch\u00f6ne Pause zu verbringen. Mit ihrer eigenen Karte k\u00f6nnen sich die Kinder verschiedene Spiele ausleihen. Die Ausleihe wird dabei tatkr\u00e4ftig von den Viertkl\u00e4sslerinnen und Viertkl\u00e4sslern unterst\u00fctzt, die Verantwortung \u00fcbernehmen und ihren Mitsch\u00fclerinnen und Mitsch\u00fclern bei der Auswahl und R\u00fcckgabe der Spiele helfen. Die Spielepause ist ein wichtiger Bestandteil unseres Schullebens: Sie f\u00f6rdert das soziale Miteinander, st\u00e4rkt die Selbstst\u00e4ndigkeit der Kinder und bietet eine tolle Alternative zum Toben auf dem Schulhof. Wir freuen uns, dass dieses Angebot so gut angenommen wird!<\/p>\n","protected":false},"author":11,"featured_media":0,"parent":2911,"menu_order":0,"comment_status":"closed","ping_status":"closed","template":"","meta":{"_uag_custom_page_level_css":"","ngg_post_thumbnail":0,"footnotes":""},"class_list":["post-3553","page","type-page","status-publish","hentry"],"uagb_featured_image_src":{"full":false,"thumbnail":false,"medium":false,"medium_large":false,"large":false,"1536x1536":false,"2048x2048":false,"ashe-slider-full-thumbnail":false,"ashe-full-thumbnail":false,"ashe-list-thumbnail":false,"ashe-grid-thumbnail":false,"ashe-single-navigation":false},"uagb_author_info":{"display_name":"Esra Tasdirek","author_link":"https:\/\/hfs.schulen-offenbach.de\/cms\/author\/hfs_tasdirek\/"},"uagb_comment_info":0,"uagb_excerpt":"Nicht alle Kinder m\u00f6chten in den gro\u00dfen Pausen auf den Schulhof gehen, deshalb gibt es an unserer Schule die beliebte Spielepause in der Aula. Hier haben die Sch\u00fclerinnen und Sch\u00fcler die M\u00f6glichkeit, in entspannter Atmosph\u00e4re gemeinsam zu spielen, neue Freundschaften zu kn\u00fcpfen und einfach eine sch\u00f6ne Pause zu verbringen. Mit ihrer eigenen Karte k\u00f6nnen sich&hellip;","_links":{"self":[{"href":"https:\/\/hfs.schulen-offenbach.de\/cms\/wp-json\/wp\/v2\/pages\/3553","targetHints":{"allow":["GET"]}}],"collection":[{"href":"https:\/\/hfs.schulen-offenbach.de\/cms\/wp-json\/wp\/v2\/pages"}],"about":[{"href":"https:\/\/hfs.schulen-offenbach.de\/cms\/wp-json\/wp\/v2\/types\/page"}],"author":[{"embeddable":true,"href":"https:\/\/hfs.schulen-offenbach.de\/cms\/wp-json\/wp\/v2\/users\/11"}],"replies":[{"embeddable":true,"href":"https:\/\/hfs.schulen-offenbach.de\/cms\/wp-json\/wp\/v2\/comments?post=3553"}],"version-history":[{"count":5,"href":"https:\/\/hfs.schulen-offenbach.de\/cms\/wp-json\/wp\/v2\/pages\/3553\/revisions"}],"predecessor-version":[{"id":3566,"href":"https:\/\/hfs.schulen-offenbach.de\/cms\/wp-json\/wp\/v2\/pages\/3553\/revisions\/3566"}],"up":[{"embeddable":true,"href":"https:\/\/hfs.schulen-offenbach.de\/cms\/wp-json\/wp\/v2\/pages\/2911"}],"wp:attachment":[{"href":"https:\/\/hfs.schulen-offenbach.de\/cms\/wp-json\/wp\/v2\/media?parent=3553"}],"curies":[{"name":"wp","href":"https:\/\/api.w.org\/{rel}","templated":true}]}}