{"id":652,"date":"2018-05-18T16:21:43","date_gmt":"2018-05-18T14:21:43","guid":{"rendered":"https:\/\/hfs.schulen-offenbach.de\/cms\/?page_id=652"},"modified":"2023-02-19T15:10:23","modified_gmt":"2023-02-19T14:10:23","slug":"impressum","status":"publish","type":"page","link":"https:\/\/hfs.schulen-offenbach.de\/cms\/impressum\/","title":{"rendered":"Impressum"},"content":{"rendered":"<p>Mit Urteil vom 12. Mai 1998 hat das Landgericht Hamburg entschieden, dass man durch die Ausbringung eines Links die Inhalte der gelinkten Seite ggf. mit zu verantworten hat. Dies kann, so das LG, nur dadurch verhindert werden, dass man sich ausdr\u00fccklich von diesen Inhalten distanziert. Wir haben auf unseren Seiten Links zu anderen Seiten im Internet gelegt. F\u00fcr alle diese Links gilt: Wir erkl\u00e4ren ausdr\u00fccklich, dass wir keinerlei Einfluss auf die Gestaltung und die Inhalte der gelinkten Seiten haben. Deshalb distanzieren wir uns hiermit ausdr\u00fccklich von allen Inhalten aller gelinkten Seiten auf unserer Homepage und machen uns diese Inhalte nicht zu Eigen. Diese Erkl\u00e4rung gilt f\u00fcr alle auf unserer Homepage angezeigten Links und f\u00fcr alle Inhalte der Seiten, zu denen die bei uns sichtbaren Links f\u00fchren!<\/p>\n<table style=\"border-collapse: collapse; width: 100%;\" border=\"1\">\n<tbody>\n<tr style=\"height: 44px; vertical-align: top;\">\n<td style=\"width: 31.7242%; height: 44px;\">Schultr\u00e4ger<\/td>\n<td style=\"width: 68.2758%; height: 44px;\">Staatliches Schulamt f\u00fcr den Landkreis Offenbach und die Stadt Offenbach am Main<\/td>\n<\/tr>\n<tr style=\"height: 65px; vertical-align: top;\">\n<td style=\"width: 31.7242%; height: 10px;\">Schulleitung<\/td>\n<td style=\"width: 68.2758%; height: 10px;\">Frau Frost<br \/>\nKontakt \u00fcber &#8222;Kontaktformular&#8220;<\/td>\n<\/tr>\n<tr style=\"height: 44px; vertical-align: top;\">\n<td style=\"width: 31.7242%; height: 27px;\">Stellvertrende Schulleitung<\/td>\n<td style=\"width: 68.2758%; height: 27px;\">&nbsp;<\/td>\n<\/tr>\n<tr style=\"height: 80px; vertical-align: top;\">\n<td style=\"width: 31.7242%; height: 10px;\">Verantwortlich f\u00fcr die Seite<\/td>\n<td style=\"width: 68.2758%; height: 10px;\">\n<div>Frau Oczenaschek und Frau B\u00f6ings<br \/>\nKontakt \u00fcber &#8222;Kontaktformular&#8220;<\/div>\n<\/td>\n<\/tr>\n<tr style=\"height: 44px; vertical-align: top;\">\n<td style=\"width: 31.7242%; height: 24px;\">Datenschutzbeauftragte<\/td>\n<td style=\"width: 68.2758%; height: 24px;\">Frau Enkelmann<br \/>\nKontakt \u00fcber &#8222;Kontaktformular&#8220;<\/td>\n<\/tr>\n<tr style=\"height: 65px; vertical-align: top;\">\n<td style=\"width: 31.7242%; height: 25px;\">Sekretariat<\/td>\n<td style=\"width: 68.2758%; height: 25px;\">Frau Suchy<br \/>\nKontakt \u00fcber &#8222;Kontaktformular&#8220;<\/td>\n<\/tr>\n<\/tbody>\n<\/table>\n<p>&nbsp;<\/p>\n<p><strong>Adresse<\/strong>&nbsp;<br \/>\nHafenschule Offenbach<br \/>\nHafenallee 15<br \/>\n63067 Offenbach am Main<\/p>\n<p><strong>Kontakt<\/strong><br \/>\nTel:&nbsp;<span class=\"SP-link-label\">069 8065 4101<\/span><br \/>\nFax:&nbsp;<span class=\"SP-link-label\">069 8065 4109<\/span><br \/>\nE-Mail: verwaltung.hfs@schulen.offenbach.de<\/p>\n<p>&nbsp;<\/p>\n","protected":false},"excerpt":{"rendered":"<p>Mit Urteil vom 12. Mai 1998 hat das Landgericht Hamburg entschieden, dass man durch die Ausbringung eines Links die Inhalte der gelinkten Seite ggf. mit zu verantworten hat. Dies kann, so das LG, nur dadurch verhindert werden, dass man sich ausdr\u00fccklich von diesen Inhalten distanziert. Wir haben auf unseren Seiten Links zu anderen Seiten im Internet gelegt. F\u00fcr alle diese Links gilt: Wir erkl\u00e4ren ausdr\u00fccklich, dass wir keinerlei Einfluss auf die Gestaltung und die Inhalte der gelinkten Seiten haben. Deshalb distanzieren wir uns hiermit ausdr\u00fccklich von allen Inhalten aller gelinkten Seiten auf unserer Homepage und machen uns diese Inhalte nicht zu Eigen. Diese Erkl\u00e4rung gilt f\u00fcr alle auf unserer Homepage angezeigten Links und f\u00fcr alle Inhalte der Seiten, zu denen die bei uns sichtbaren Links f\u00fchren! Schultr\u00e4ger Staatliches Schulamt f\u00fcr den Landkreis Offenbach und die Stadt Offenbach am Main Schulleitung Frau Frost Kontakt \u00fcber &#8222;Kontaktformular&#8220; Stellvertrende Schulleitung &nbsp; Verantwortlich f\u00fcr die Seite Frau Oczenaschek und Frau B\u00f6ings Kontakt \u00fcber &#8222;Kontaktformular&#8220; Datenschutzbeauftragte Frau Enkelmann Kontakt \u00fcber &#8222;Kontaktformular&#8220; Sekretariat Frau Suchy Kontakt \u00fcber &#8222;Kontaktformular&#8220; &nbsp; Adresse&nbsp; Hafenschule Offenbach Hafenallee 15 63067 Offenbach am Main Kontakt Tel:&nbsp;069 8065 4101 Fax:&nbsp;069 8065 4109 E-Mail: verwaltung.hfs@schulen.offenbach.de &nbsp;<\/p>\n","protected":false},"author":7,"featured_media":0,"parent":0,"menu_order":0,"comment_status":"closed","ping_status":"closed","template":"","meta":{"_uag_custom_page_level_css":"","ngg_post_thumbnail":0,"footnotes":""},"class_list":["post-652","page","type-page","status-publish","hentry"],"uagb_featured_image_src":{"full":false,"thumbnail":false,"medium":false,"medium_large":false,"large":false,"1536x1536":false,"2048x2048":false,"ashe-slider-full-thumbnail":false,"ashe-full-thumbnail":false,"ashe-list-thumbnail":false,"ashe-grid-thumbnail":false,"ashe-single-navigation":false},"uagb_author_info":{"display_name":"Maria Frost","author_link":"https:\/\/hfs.schulen-offenbach.de\/cms\/author\/frost\/"},"uagb_comment_info":0,"uagb_excerpt":"Mit Urteil vom 12. Mai 1998 hat das Landgericht Hamburg entschieden, dass man durch die Ausbringung eines Links die Inhalte der gelinkten Seite ggf. mit zu verantworten hat. Dies kann, so das LG, nur dadurch verhindert werden, dass man sich ausdr\u00fccklich von diesen Inhalten distanziert. Wir haben auf unseren Seiten Links zu anderen Seiten im&hellip;","_links":{"self":[{"href":"https:\/\/hfs.schulen-offenbach.de\/cms\/wp-json\/wp\/v2\/pages\/652","targetHints":{"allow":["GET"]}}],"collection":[{"href":"https:\/\/hfs.schulen-offenbach.de\/cms\/wp-json\/wp\/v2\/pages"}],"about":[{"href":"https:\/\/hfs.schulen-offenbach.de\/cms\/wp-json\/wp\/v2\/types\/page"}],"author":[{"embeddable":true,"href":"https:\/\/hfs.schulen-offenbach.de\/cms\/wp-json\/wp\/v2\/users\/7"}],"replies":[{"embeddable":true,"href":"https:\/\/hfs.schulen-offenbach.de\/cms\/wp-json\/wp\/v2\/comments?post=652"}],"version-history":[{"count":25,"href":"https:\/\/hfs.schulen-offenbach.de\/cms\/wp-json\/wp\/v2\/pages\/652\/revisions"}],"predecessor-version":[{"id":2897,"href":"https:\/\/hfs.schulen-offenbach.de\/cms\/wp-json\/wp\/v2\/pages\/652\/revisions\/2897"}],"wp:attachment":[{"href":"https:\/\/hfs.schulen-offenbach.de\/cms\/wp-json\/wp\/v2\/media?parent=652"}],"curies":[{"name":"wp","href":"https:\/\/api.w.org\/{rel}","templated":true}]}}